{"id":2121,"date":"2023-04-07T12:52:47","date_gmt":"2023-04-07T12:52:47","guid":{"rendered":"https:\/\/eccuatank.com\/?page_id=2121"},"modified":"2023-10-23T09:46:01","modified_gmt":"2023-10-23T09:46:01","slug":"olieraldaja-ec-2","status":"publish","type":"page","link":"https:\/\/eccuatank.com\/en\/olieraldaja-ec-2\/","title":{"rendered":"EC"},"content":{"rendered":"<p>[et_pb_section fb_built=&#8221;1&#8243; _builder_version=&#8221;4.20.2&#8243; _module_preset=&#8221;default&#8221; background_color=&#8221;#ECECEB&#8221; global_colors_info=&#8221;{}&#8221;][et_pb_row column_structure=&#8221;1_2,1_2&#8243; _builder_version=&#8221;4.20.2&#8243; _module_preset=&#8221;default&#8221; global_colors_info=&#8221;{}&#8221;][et_pb_column type=&#8221;1_2&#8243; _builder_version=&#8221;4.20.2&#8243; _module_preset=&#8221;default&#8221; global_colors_info=&#8221;{}&#8221;][et_pb_text _builder_version=&#8221;4.20.2&#8243; _module_preset=&#8221;default&#8221; text_font=&#8221;Abel|700|||||||&#8221; text_font_size=&#8221;3vw&#8221; text_letter_spacing=&#8221;5px&#8221; header_font=&#8221;Abel||||||||&#8221; text_font_size_tablet=&#8221;6vw&#8221; text_font_size_phone=&#8221;9vw&#8221; text_font_size_last_edited=&#8221;on|phone&#8221; global_colors_info=&#8221;{}&#8221;]<\/p>\n<p>EC<\/p>\n<p>[\/et_pb_text][et_pb_blurb image=&#8221;https:\/\/eccuatank.com\/wp-content\/uploads\/2023\/04\/EQ-BP-1.klassi-olieraldaja-moodavooluga-NS10_30.85.jpg&#8221; _builder_version=&#8221;4.20.2&#8243; _module_preset=&#8221;default&#8221; animation=&#8221;off&#8221; border_radii_image=&#8221;on|5px|5px|5px|5px&#8221; global_colors_info=&#8221;{}&#8221;]<\/p>\n<p><span style=\"font-weight: 400;\">In EC class I oil trap, we use a coalisator filter made of polyurethane (PUR). The pores of the filter are\nsufficiently small to ensure the passage of the required quantity of water and the rapid coalescence\nof oil droplets. In the case of the EC filter, it is important to note that if the filter becomes clogged\nwith suspended solids present in the water during operation, it must be replaced with a new one, as\nwashing it will not give sufficient effect.\u00a0<\/span><\/p>\n<p><span style=\"font-weight: 400;\">Oil traps with an EC filter have passed EN858-1 conformity tests carried out by PIA-Pr\u00fcfinstitut f\u00fcr\nAbwassertechnik GmbH in Germany, which is evidenced by the certificate of conformity issued to us.<\/span><span><\/span><\/p>\n<p>[\/et_pb_blurb][et_pb_text content_tablet=&#8221;<\/p>\n<p><span>SIZING A SAND-SLUDGE SEPARATOR:<\/span><\/p>\n<p>&#8221; content_phone=&#8221;<\/p>\n<p><span>SAND- AND SLUDGE SEPARATORS<br \/><\/span><span> SIZING:<\/span><\/p>\n<p>&#8221; content_last_edited=&#8221;on|phone&#8221; _builder_version=&#8221;4.20.2&#8243; _module_preset=&#8221;default&#8221; text_font=&#8221;Abel|700|||||||&#8221; text_font_size=&#8221;1.5vw&#8221; text_letter_spacing=&#8221;2px&#8221; header_font=&#8221;Abel||||||||&#8221; text_orientation=&#8221;center&#8221; text_font_size_tablet=&#8221;3vw&#8221; text_font_size_phone=&#8221;4.5vw&#8221; text_font_size_last_edited=&#8221;on|phone&#8221; text_orientation_tablet=&#8221;left&#8221; text_orientation_phone=&#8221;center&#8221; text_orientation_last_edited=&#8221;on|tablet&#8221; locked=&#8221;off&#8221; global_colors_info=&#8221;{}&#8221;]<\/p>\n<p><span>SAND- AND SLUDGE SEPARATORS<br \/>SIZING:<\/span><\/p>\n<p>[\/et_pb_text][et_pb_tabs active_tab_background_color=&#8221;#747C79&#8243; _builder_version=&#8221;4.20.2&#8243; _module_preset=&#8221;default&#8221; custom_margin=&#8221;|-3px||||&#8221; border_radii=&#8221;on|5px|5px|5px|5px&#8221; global_colors_info=&#8221;{}&#8221;][et_pb_tab title=&#8221;V\u00c4IKE&#8221; _builder_version=&#8221;4.20.2&#8243; _module_preset=&#8221;default&#8221; global_colors_info=&#8221;{}&#8221;]<\/p>\n<ul>\n<li>process water with low sand content<\/li>\n<li>all rainwater collection areas where small presence of sand-sludge has been identified, such\nas petrol stations or petrol stations covered with a roof.<\/li>\n<\/ul>\n<p>100 x NS<\/p>\n<p>[\/et_pb_tab][et_pb_tab title=&#8221;KESKMINE&#8221; _builder_version=&#8221;4.20.2&#8243; _module_preset=&#8221;default&#8221; global_colors_info=&#8221;{}&#8221;]<\/p>\n<ul>\n<li>petrol stations, car hand-wash stations, partial washing<\/li>\n<li>bus washers<\/li>\n<li>waste water from garages and car parking areas<\/li>\n<li>power plants, machine industries<\/li>\n<\/ul>\n<p>200 x NS<\/p>\n<p>[\/et_pb_tab][et_pb_tab title=&#8221;SUUR&#8221; _builder_version=&#8221;4.20.2&#8243; _module_preset=&#8221;default&#8221; global_colors_info=&#8221;{}&#8221;]<\/p>\n<ul>\n<li>areas for washing construction machines, construction equipment washers, places for\nwashing agricultural equipment<\/li>\n<li>truck washers<\/li>\n<li>automatic car washers, so-called roller washes or tunnel car wash<\/li>\n<\/ul>\n<p>300 x NS<\/p>\n<p>[\/et_pb_tab][\/et_pb_tabs][et_pb_button button_url=&#8221;https:\/\/eccuatank.com\/contact\/&#8221; button_text=&#8221;K\u00fcsi pakkumist!&#8221; button_alignment=&#8221;center&#8221; _builder_version=&#8221;4.20.2&#8243; _module_preset=&#8221;default&#8221; custom_button=&#8221;on&#8221; button_text_size=&#8221;1.5vw&#8221; button_text_color=&#8221;#254D3D&#8221; button_bg_color=&#8221;RGBA(255,255,255,0)&#8221; button_border_width=&#8221;2px&#8221; button_border_radius=&#8221;5px&#8221; button_letter_spacing=&#8221;0px&#8221; button_font=&#8221;|||on|||||&#8221; button_icon=&#8221;&#xe010;||divi||400&#8243; button_text_size_tablet=&#8221;2.5vw&#8221; button_text_size_phone=&#8221;3.5vw&#8221; button_text_size_last_edited=&#8221;on|desktop&#8221; global_colors_info=&#8221;{}&#8221; locked=&#8221;off&#8221;][\/et_pb_button][\/et_pb_column][et_pb_column type=&#8221;1_2&#8243; _builder_version=&#8221;4.20.2&#8243; _module_preset=&#8221;default&#8221; global_colors_info=&#8221;{}&#8221;][et_pb_text _builder_version=&#8221;4.20.2&#8243; _module_preset=&#8221;default&#8221; text_font=&#8221;Abel|700|||||||&#8221; text_font_size=&#8221;1.5vw&#8221; text_letter_spacing=&#8221;2px&#8221; header_font=&#8221;Abel||||||||&#8221; text_font_size_tablet=&#8221;3vw&#8221; text_font_size_phone=&#8221;4.5vw&#8221; text_font_size_last_edited=&#8221;on|phone&#8221; locked=&#8221;off&#8221; global_colors_info=&#8221;{}&#8221;]<\/p>\n<p>OIL SEPARATOR SIZING CALCULATOR:<\/p>\n<p>[\/et_pb_text][et_pb_blurb image=&#8221;https:\/\/eccuatank.com\/wp-content\/uploads\/2023\/04\/PIA_Logo.webp&#8221; icon_placement=&#8221;left&#8221; _builder_version=&#8221;4.20.2&#8243; _module_preset=&#8221;default&#8221; animation=&#8221;off&#8221; link_option_url=&#8221;https:\/\/eccuatank.com\/wp-content\/uploads\/2023\/04\/PIA-oilseparators-2023.pdf&#8221; locked=&#8221;off&#8221; global_colors_info=&#8221;{}&#8221;]<\/p>\n<p><a href=\"https:\/\/eccuatank.com\/wp-content\/uploads\/2023\/04\/PIA-oilseparators-2023.pdf\">Certificate<\/a><\/p>\n<p>[\/et_pb_blurb][et_pb_code _builder_version=&#8221;4.20.2&#8243; _module_preset=&#8221;default&#8221; global_colors_info=&#8221;{}&#8221;]<html>\r\n\t<form action=\"\">\r\n\t\t<div id=\"calculator_oli\">\r\n\t\t\t<div>\r\n\t\t\t\t<label for=\"coeficent\">Rainwater flow rate<\/label>\r\n\t\t\t\t<select id=\"coeficent\">\r\n\t\t\t\t\t<option value=\"asfalt_betoon\">Asfalt v\u00f5i Betoon<\/option>\r\n\t\t\t\t\t<option value=\"liiv\">Liiv<\/option>\r\n\t\t\t\t<\/select>\r\n\t\t\t<\/div>\r\n\t\t\t<div>\r\n\t\t\t\t<label for=\"rainfall\">Rainwater flow rate<\/label>\r\n\t\t\t\t<input id=\"rainfall\" type=\"text\">\r\n\t\t\t<\/div>\r\n\t\t\t<div>\r\n\t\t\t\t<label for=\"area\">Area (in hectares)<\/label>\r\n\t\t\t\t<input id=\"area\" type=\"text\">\r\n\t\t\t<\/div>\r\n\t\t\t<div>\r\n\t\t\t\t<label for=\"power\">Calculation result (NS)<\/label>\r\n\t\t\t\t<input id=\"power\" type=\"number\" disabled>\r\n\t\t\t<\/div>\r\n\t\t<\/div>\r\n\t<input type=\"hidden\" name=\"trp-form-language\" value=\"en\"\/><\/form>\r\n<\/html>[\/et_pb_code][et_pb_text _builder_version=&#8221;4.20.2&#8243; _module_preset=&#8221;default&#8221; custom_margin=&#8221;-225px|||200px|false|false&#8221; custom_margin_tablet=&#8221;-200px||50px|200px|false|false&#8221; custom_margin_phone=&#8221;0px||30px|0px|false|false&#8221; custom_margin_last_edited=&#8221;on|phone&#8221; custom_padding=&#8221;||||false|false&#8221; locked=&#8221;off&#8221; global_colors_info=&#8221;{}&#8221;]<\/p>\n<p><strong>Rainwater flow rate in l\/(s*ha)<\/strong>which corresponds to the actual conditions on site. In case there is\nno data available, use 80 l\/(s*ha) for Estonia.<br \/><strong>Area (ha)<\/strong>from which water flows into the trap<\/p>\n<p><strong>Calculation result (NS)<\/strong>to be rounded to the nearest highest number. For example, in the case of\nthe calculation result where NS=8.8, EQ class I oil trap NS10 Taavis can be used.<\/p>\n<p>[\/et_pb_text][et_pb_text _builder_version=&#8221;4.20.2&#8243; _module_preset=&#8221;default&#8221; text_font=&#8221;Abel|700|||||||&#8221; text_font_size=&#8221;1.5vw&#8221; text_letter_spacing=&#8221;2px&#8221; header_font=&#8221;Abel||||||||&#8221; text_font_size_tablet=&#8221;3vw&#8221; text_font_size_phone=&#8221;4.5vw&#8221; text_font_size_last_edited=&#8221;on|phone&#8221; locked=&#8221;off&#8221; global_colors_info=&#8221;{}&#8221;]<\/p>\n<p><span>DRAWINGS:<\/span><\/p>\n<p>[\/et_pb_text][et_pb_toggle title=&#8221;JUHENDID&#8221; _builder_version=&#8221;4.20.2&#8243; _module_preset=&#8221;default&#8221; border_radii=&#8221;on|5px|5px|5px|5px&#8221; global_colors_info=&#8221;{}&#8221;]<\/p>\n<p><a href=\"https:\/\/eccuatank.com\/wp-content\/uploads\/2023\/07\/EC-olieraldaja-hooldus-ja-kasutusjuhend.pdf\">Paigaldusjuhend<\/a><\/p>\n<p>[\/et_pb_toggle][et_pb_accordion _builder_version=&#8221;4.20.2&#8243; _module_preset=&#8221;default&#8221; closed_toggle_font=&#8221;||||||||&#8221; custom_margin=&#8221;||||false|false&#8221; custom_padding=&#8221;||||false|false&#8221; global_colors_info=&#8221;{}&#8221;][et_pb_accordion_item title=&#8221;EC \u00f5lieraldaja NS1,5\/3&#8243; open=&#8221;on&#8221; _builder_version=&#8221;4.20.2&#8243; _module_preset=&#8221;default&#8221; global_colors_info=&#8221;{}&#8221;]<\/p>\n<p>Files for download:<\/p>\n<table border=\"0\" style=\"height: 24px; width: 100%; border-collapse: collapse; border-style: dotted;\">\n<tbody>\n<tr style=\"height: 24px;\">\n<td style=\"width: 33.3333%; height: 24px;\"><a href=\"https:\/\/eccuatank.com\/wp-content\/uploads\/2023\/10\/EC-1.class-oil-separator-NS1.5-3.dwg\">DWG<\/a><\/td>\n<td style=\"width: 33.3333%; height: 24px;\"><a href=\"https:\/\/eccuatank.com\/wp-content\/uploads\/2023\/04\/EC-1.klassi-olieraldaja-NS1.5-3.stp\" download=\"EC-1.klassi-olieraldaja-NS1.5-3.stp\">STP<\/a><\/td>\n<td style=\"width: 33.3333%; height: 24px;\"><a href=\"https:\/\/eccuatank.com\/wp-content\/uploads\/2023\/10\/EC-NS40-oil-separator-1.class_eng.dwg\">ORDER FORM<\/a><\/td>\n<\/tr>\n<\/tbody>\n<\/table>\n<p>[\/et_pb_accordion_item][et_pb_accordion_item title=&#8221;EC \u00f5lieraldaja NS6&#8243; open_toggle_background_color=&#8221;RGBA(255,255,255,0)&#8221; closed_toggle_background_color=&#8221;RGBA(255,255,255,0)&#8221; icon_color=&#8221;#333333&#8243; toggle_icon=&#8221;&#xe050;||divi||400&#8243; _builder_version=&#8221;4.20.2&#8243; _module_preset=&#8221;default&#8221; background_color=&#8221;RGBA(255,255,255,0)&#8221; background_enable_color=&#8221;on&#8221; border_radii=&#8221;on|0px|0px|0px|0px&#8221; border_width_all=&#8221;0px&#8221; border_width_bottom=&#8221;1px&#8221; global_colors_info=&#8221;{}&#8221; open=&#8221;off&#8221;]<\/p>\n<p>Files for download:<\/p>\n<table border=\"1\" style=\"width: 100%; border-collapse: collapse; border-style: solid; height: 24px;\">\n<tbody>\n<tr style=\"height: 24px;\">\n<td style=\"width: 33.3333%; height: 24px;\"><a href=\"https:\/\/eccuatank.com\/wp-content\/uploads\/2023\/10\/EC-NS6-oil-separator-1-class_eng.dwg\" target=\"_blank\" rel=\"noopener\">DWG<\/a><\/td>\n<td style=\"width: 33.3333%; height: 24px;\"><a href=\"https:\/\/eccuatank.com\/wp-content\/uploads\/2023\/04\/EC-NS6-olieraldaja-1-klass.stp\" download=\"\">STP<\/a><\/td>\n<td style=\"width: 33.3333%; height: 24px;\"><a href=\"https:\/\/eccuatank.com\/wp-content\/uploads\/2023\/10\/Oilseparator-EC-NS6.pdf\">ORDER FORM<\/a><\/td>\n<\/tr>\n<\/tbody>\n<\/table>\n<p>[\/et_pb_accordion_item][et_pb_accordion_item title=&#8221;EC \u00f5lieraldaja NS10&#8243; open_toggle_background_color=&#8221;RGBA(255,255,255,0)&#8221; closed_toggle_background_color=&#8221;RGBA(255,255,255,0)&#8221; icon_color=&#8221;#333333&#8243; _builder_version=&#8221;4.20.2&#8243; _module_preset=&#8221;default&#8221; background_color=&#8221;RGBA(255,255,255,0)&#8221; background_enable_color=&#8221;on&#8221; border_radii=&#8221;on|0px|0px|0px|0px&#8221; border_width_all=&#8221;0px&#8221; border_width_bottom=&#8221;1px&#8221; global_colors_info=&#8221;{}&#8221; open=&#8221;off&#8221;]<\/p>\n<p>Files for download:<\/p>\n<table border=\"1\" style=\"width: 100%; border-collapse: collapse; border-style: solid;\">\n<tbody>\n<tr>\n<td style=\"width: 33.3333%;\"><a href=\"https:\/\/eccuatank.com\/wp-content\/uploads\/2023\/10\/EC-NS10-oil-separator-1.class_eng.dwg\" target=\"_blank\" rel=\"noopener\">DWG<\/a><\/td>\n<td style=\"width: 33.3333%;\"><a href=\"https:\/\/eccuatank.com\/wp-content\/uploads\/2023\/04\/EC-NS10-olieraldaja-1-klass.stp\" download=\"\">STP<\/a><\/td>\n<td style=\"width: 33.3333%;\"><a href=\"https:\/\/eccuatank.com\/wp-content\/uploads\/2023\/10\/Oilseparator-EC-NS10.pdf\">ORDER FORM<\/a><\/td>\n<\/tr>\n<\/tbody>\n<\/table>\n<p>[\/et_pb_accordion_item][et_pb_accordion_item title=&#8221;EC \u00f5lieraldaja NS15&#8243; open_toggle_background_color=&#8221;RGBA(255,255,255,0)&#8221; closed_toggle_background_color=&#8221;RGBA(255,255,255,0)&#8221; icon_color=&#8221;#333333&#8243; _builder_version=&#8221;4.20.2&#8243; _module_preset=&#8221;default&#8221; background_color=&#8221;RGBA(255,255,255,0)&#8221; background_enable_color=&#8221;on&#8221; border_radii=&#8221;on|0px|0px|0px|0px&#8221; border_width_all=&#8221;0px&#8221; border_width_bottom=&#8221;1px&#8221; global_colors_info=&#8221;{}&#8221; open=&#8221;off&#8221;]<\/p>\n<p>Files for download:<\/p>\n<table border=\"1\" style=\"width: 100%; border-collapse: collapse; border-style: solid; height: 24px;\">\n<tbody>\n<tr style=\"height: 24px;\">\n<td style=\"width: 33.3333%; height: 24px;\"><a href=\"https:\/\/eccuatank.com\/wp-content\/uploads\/2023\/10\/EC-NS15-oil-separator-1.class_eng.dwg\" target=\"_blank\" rel=\"noopener\">DWG<\/a><\/td>\n<td style=\"width: 33.3333%; height: 24px;\"><a href=\"https:\/\/eccuatank.com\/wp-content\/uploads\/2023\/04\/II-klassi-eraldaja-NS15.stp\" download=\"II-klassi-eraldaja-NS15.stp\">STP<\/a><\/td>\n<td style=\"width: 33.3333%; height: 24px;\"><a href=\"https:\/\/eccuatank.com\/wp-content\/uploads\/2023\/10\/Oilseparator-EC-NS15.pdf\">ORDER FORM<\/a><\/td>\n<\/tr>\n<\/tbody>\n<\/table>\n<p>[\/et_pb_accordion_item][et_pb_accordion_item title=&#8221;EC \u00f5lieraldaja NS20&#8243; open_toggle_background_color=&#8221;RGBA(255,255,255,0)&#8221; closed_toggle_background_color=&#8221;RGBA(255,255,255,0)&#8221; icon_color=&#8221;#333333&#8243; _builder_version=&#8221;4.20.2&#8243; _module_preset=&#8221;default&#8221; background_color=&#8221;RGBA(255,255,255,0)&#8221; background_enable_color=&#8221;on&#8221; border_radii=&#8221;on|0px|0px|0px|0px&#8221; border_width_all=&#8221;0px&#8221; border_width_bottom=&#8221;1px&#8221; global_colors_info=&#8221;{}&#8221; open=&#8221;off&#8221;]<\/p>\n<p>Files for download:<\/p>\n<table border=\"1\" style=\"width: 100%; border-collapse: collapse; border-style: solid; height: 24px;\">\n<tbody>\n<tr style=\"height: 24px;\">\n<td style=\"width: 33.3333%; height: 24px;\"><a href=\"https:\/\/eccuatank.com\/wp-content\/uploads\/2023\/10\/EC-oil-separator-NS20-1.class_eng.dwg\" target=\"_blank\" rel=\"noopener\">DWG<\/a><\/td>\n<td style=\"width: 33.3333%; height: 24px;\"><a href=\"https:\/\/eccuatank.com\/wp-content\/uploads\/2023\/04\/EC-olieraldaja-NS20-1.klass_.stp\" download=\"\">STP<\/a><\/td>\n<td style=\"width: 33.3333%; height: 24px;\"><a href=\"https:\/\/eccuatank.com\/wp-content\/uploads\/2023\/10\/Oilseparator-EC-NS20.pdf\">ORDER FORM<\/a><\/td>\n<\/tr>\n<\/tbody>\n<\/table>\n<p>[\/et_pb_accordion_item][et_pb_accordion_item title=&#8221;EC \u00f5lieraldaja NS30&#8243; open_toggle_background_color=&#8221;RGBA(255,255,255,0)&#8221; closed_toggle_background_color=&#8221;RGBA(255,255,255,0)&#8221; icon_color=&#8221;#333333&#8243; _builder_version=&#8221;4.20.2&#8243; _module_preset=&#8221;default&#8221; background_color=&#8221;RGBA(255,255,255,0)&#8221; background_enable_color=&#8221;on&#8221; border_radii=&#8221;on|0px|0px|0px|0px&#8221; border_width_all=&#8221;0px&#8221; border_width_bottom=&#8221;1px&#8221; global_colors_info=&#8221;{}&#8221; open=&#8221;off&#8221;]<\/p>\n<p>Files for download:<\/p>\n<table border=\"1\" style=\"width: 100%; border-collapse: collapse; border-style: solid;\">\n<tbody>\n<tr>\n<td style=\"width: 33.3333%;\"><a href=\"https:\/\/eccuatank.com\/wp-content\/uploads\/2023\/10\/EC-NS30-oil-separator-1.class_eng.dwg\" target=\"_blank\" rel=\"noopener\">DWG<\/a><\/td>\n<td style=\"width: 33.3333%;\"><a href=\"https:\/\/eccuatank.com\/wp-content\/uploads\/2023\/04\/EC-1.klassi-olieraldaja-NS30.stp\" download=\"\">STP<\/a><\/td>\n<td style=\"width: 33.3333%;\"><a href=\"https:\/\/eccuatank.com\/wp-content\/uploads\/2023\/10\/Oilseparator-EC-NS30.pdf\">ORDER FORM<\/a><\/td>\n<\/tr>\n<\/tbody>\n<\/table>\n<p>[\/et_pb_accordion_item][et_pb_accordion_item title=&#8221;EC \u00f5lieraldaja NS40&#8243; open_toggle_background_color=&#8221;RGBA(255,255,255,0)&#8221; closed_toggle_background_color=&#8221;RGBA(255,255,255,0)&#8221; icon_color=&#8221;#333333&#8243; _builder_version=&#8221;4.20.2&#8243; _module_preset=&#8221;default&#8221; background_color=&#8221;RGBA(255,255,255,0)&#8221; background_enable_color=&#8221;on&#8221; border_radii=&#8221;on|0px|0px|0px|0px&#8221; border_width_all=&#8221;0px&#8221; border_width_bottom=&#8221;1px&#8221; global_colors_info=&#8221;{}&#8221; open=&#8221;off&#8221;]<\/p>\n<p>Files for download:<\/p>\n<table border=\"1\" style=\"width: 100%; border-collapse: collapse; border-style: solid; height: 24px;\">\n<tbody>\n<tr style=\"height: 24px;\">\n<td style=\"width: 33.3333%; height: 24px;\"><a href=\"https:\/\/eccuatank.com\/wp-content\/uploads\/2023\/10\/EC-NS40-oil-separator-1.class_eng.dwg\" target=\"_blank\" rel=\"noopener\">DWG<\/a><\/td>\n<td style=\"width: 33.3333%; height: 24px;\"><a href=\"https:\/\/eccuatank.com\/wp-content\/uploads\/2023\/04\/EC-1.klassi-olieraldaja-NS40.stp\" download=\"\">STP<\/a><\/td>\n<td style=\"width: 33.3333%; height: 24px;\"><a href=\"https:\/\/eccuatank.com\/wp-content\/uploads\/2023\/10\/Oilseparator-EC-NS40.pdf\">ORDER FORM<\/a><\/td>\n<\/tr>\n<\/tbody>\n<\/table>\n<p>[\/et_pb_accordion_item][\/et_pb_accordion][\/et_pb_column][\/et_pb_row][\/et_pb_section]<\/p>","protected":false},"excerpt":{"rendered":"<p>ECEC I-klassi \u00f5lieraldajas kasutame koalisaatorfiltrit mis on valmistatud pol\u00fcuretaanist &#8211; PUR. Filter on piisavalt v\u00e4ikese pooriga, et tagada vajaliku veehulga l\u00e4bimist ning kiiret \u00f5litilkade koaliseerumist. EC filtri puhul on oluline m\u00e4rkida, et kui filter on t\u00f6\u00f6 k\u00e4igus vees olnud tahke heljumi poolt ummistatud, siis tuleb see uue vastu v\u00e4lja vahetada kuna selle pesemine ei anna [&hellip;]<\/p>","protected":false},"author":3,"featured_media":0,"parent":0,"menu_order":0,"comment_status":"closed","ping_status":"closed","template":"","meta":{"_et_pb_use_builder":"on","_et_pb_old_content":"","_et_gb_content_width":"","_uag_custom_page_level_css":"","footnotes":""},"class_list":["post-2121","page","type-page","status-publish","hentry"],"uagb_featured_image_src":{"full":false,"thumbnail":false,"medium":false,"medium_large":false,"large":false,"1536x1536":false,"2048x2048":false,"trp-custom-language-flag":false,"et-pb-post-main-image":false,"et-pb-post-main-image-fullwidth":false,"et-pb-portfolio-image":false,"et-pb-portfolio-module-image":false,"et-pb-portfolio-image-single":false,"et-pb-gallery-module-image-portrait":false,"et-pb-post-main-image-fullwidth-large":false,"et-pb-image--responsive--desktop":false,"et-pb-image--responsive--tablet":false,"et-pb-image--responsive--phone":false},"uagb_author_info":{"display_name":"Kadri-Ly Miil","author_link":"https:\/\/eccuatank.com\/en\/author\/kadri-ly\/"},"uagb_comment_info":0,"uagb_excerpt":"ECEC I-klassi \u00f5lieraldajas kasutame koalisaatorfiltrit mis on valmistatud pol\u00fcuretaanist - PUR. Filter on piisavalt v\u00e4ikese pooriga, et tagada vajaliku veehulga l\u00e4bimist ning kiiret \u00f5litilkade koaliseerumist. EC filtri puhul on oluline m\u00e4rkida, et kui filter on t\u00f6\u00f6 k\u00e4igus vees olnud tahke heljumi poolt ummistatud, siis tuleb see uue vastu v\u00e4lja vahetada kuna selle pesemine ei anna&hellip;","_links":{"self":[{"href":"https:\/\/eccuatank.com\/en\/wp-json\/wp\/v2\/pages\/2121","targetHints":{"allow":["GET"]}}],"collection":[{"href":"https:\/\/eccuatank.com\/en\/wp-json\/wp\/v2\/pages"}],"about":[{"href":"https:\/\/eccuatank.com\/en\/wp-json\/wp\/v2\/types\/page"}],"author":[{"embeddable":true,"href":"https:\/\/eccuatank.com\/en\/wp-json\/wp\/v2\/users\/3"}],"replies":[{"embeddable":true,"href":"https:\/\/eccuatank.com\/en\/wp-json\/wp\/v2\/comments?post=2121"}],"version-history":[{"count":41,"href":"https:\/\/eccuatank.com\/en\/wp-json\/wp\/v2\/pages\/2121\/revisions"}],"predecessor-version":[{"id":3216,"href":"https:\/\/eccuatank.com\/en\/wp-json\/wp\/v2\/pages\/2121\/revisions\/3216"}],"wp:attachment":[{"href":"https:\/\/eccuatank.com\/en\/wp-json\/wp\/v2\/media?parent=2121"}],"curies":[{"name":"wp","href":"https:\/\/api.w.org\/{rel}","templated":true}]}}