{"id":3264,"date":"2024-02-26T07:27:35","date_gmt":"2024-02-26T07:27:35","guid":{"rendered":"https:\/\/eccuatank.com\/?page_id=3264"},"modified":"2024-03-06T12:15:06","modified_gmt":"2024-03-06T12:15:06","slug":"pumplad","status":"publish","type":"page","link":"https:\/\/eccuatank.com\/en\/pumplad\/","title":{"rendered":"Pumplad"},"content":{"rendered":"<p>[et_pb_section fb_built=&#8221;1&#8243; _builder_version=&#8221;4.20.2&#8243; _module_preset=&#8221;default&#8221; background_color=&#8221;#ECECEB&#8221; global_colors_info=&#8221;{}&#8221;][et_pb_row column_structure=&#8221;1_2,1_2&#8243; _builder_version=&#8221;4.20.2&#8243; _module_preset=&#8221;default&#8221; global_colors_info=&#8221;{}&#8221;][et_pb_column type=&#8221;1_2&#8243; _builder_version=&#8221;4.20.2&#8243; _module_preset=&#8221;default&#8221; global_colors_info=&#8221;{}&#8221;][et_pb_text _builder_version=&#8221;4.20.2&#8243; _module_preset=&#8221;default&#8221; text_font=&#8221;Abel|700|||||||&#8221; text_font_size=&#8221;3vw&#8221; text_letter_spacing=&#8221;5px&#8221; header_font=&#8221;Abel||||||||&#8221; global_colors_info=&#8221;{}&#8221;]<\/p>\n<p>PUMPLAD<\/p>\n<p>[\/et_pb_text][et_pb_blurb image=&#8221;https:\/\/eccuatank.com\/wp-content\/uploads\/2024\/02\/Pallpumpla-D2200-lahendus2.174.jpg&#8221; _builder_version=&#8221;4.20.2&#8243; _module_preset=&#8221;default&#8221; animation=&#8221;off&#8221; hover_enabled=&#8221;0&#8243; border_radii_image=&#8221;on|5px|5px|5px|5px&#8221; global_colors_info=&#8221;{}&#8221; sticky_enabled=&#8221;0&#8243;]<\/p>\n<p>Eccual on pumplate tootmise kogemust \u00fcle 30 aasta. Selle aja v\u00e4ltel oleme tootnud \u00fcle 10\u00a0000 erineva pumpla nii reo-, drenaa\u017ei- kui ka joogiveele k\u00f5ikidesse Skandinaavia ja Balti riikidesse.<\/p>\n<p>Pumplate tootevalik jaguneb kahte gruppi: kinnistute sisesed v\u00e4ikepumplad ja \u00fchisveev\u00e4rgi ehk kommunaalpumplad.<\/p>\n<p>&nbsp;<\/p>\n<p>Pumplate kestadena kasutame rotatsioonvalu meetodil valmistatud spetsiaalseid PE plastikust monoliitseid korpuseid, PE torust k\u00e4sit\u00f6\u00f6na valmistatud korpuseid ning tugevdatud klaasplastist kerimismeetodil valmistatud korpuseid.<span class=\"Apple-converted-space\">\u00a0<\/span><\/p>\n<p>V\u00e4ikseima pumpla l\u00e4bim\u00f5\u00f5t on 500 mm ja suurima 3000 mm ning madalama pumpla k\u00f5rgus on 500 mm ning s\u00fcgavaima oma 10\u00a0000 mm. Valikus on ka k\u00f5ik sellesse vahemikku j\u00e4\u00e4vad l\u00e4bim\u00f5\u00f5dud ja s\u00fcgavused.<\/p>\n<p>Vastavalt etteantud projektile valmistame kahe kambriga pumplaid, pumplaid teeninduse majadega, horisontaalse asetusega pumplaid jne.<\/p>\n<p>[\/et_pb_blurb][et_pb_button button_url=&#8221;https:\/\/eccuatank.com\/contact\/&#8221; button_text=&#8221;K\u00fcsi pakkumist!&#8221; button_alignment=&#8221;center&#8221; _builder_version=&#8221;4.20.2&#8243; _module_preset=&#8221;default&#8221; custom_button=&#8221;on&#8221; button_text_size=&#8221;1.5vw&#8221; button_text_color=&#8221;#254D3D&#8221; button_bg_color=&#8221;RGBA(255,255,255,0)&#8221; button_border_width=&#8221;2px&#8221; button_border_radius=&#8221;5px&#8221; button_letter_spacing=&#8221;0px&#8221; button_font=&#8221;|||on|||||&#8221; button_icon=&#8221;&#xe010;||divi||400&#8243; button_text_size_tablet=&#8221;2.5vw&#8221; button_text_size_phone=&#8221;3.5vw&#8221; button_text_size_last_edited=&#8221;on|desktop&#8221; locked=&#8221;off&#8221; global_colors_info=&#8221;{}&#8221;][\/et_pb_button][\/et_pb_column][et_pb_column type=&#8221;1_2&#8243; _builder_version=&#8221;4.20.2&#8243; _module_preset=&#8221;default&#8221; global_colors_info=&#8221;{}&#8221;][et_pb_text _builder_version=&#8221;4.20.2&#8243; _module_preset=&#8221;default&#8221; text_font=&#8221;Abel|700||on|||||&#8221; text_font_size=&#8221;1.5vw&#8221; text_letter_spacing=&#8221;2px&#8221; header_font=&#8221;Abel||||||||&#8221; global_colors_info=&#8221;{}&#8221;]<\/p>\n<p>DRAWINGS:<\/p>\n<p>[\/et_pb_text][et_pb_toggle title=&#8221;JUHENDID&#8221; _builder_version=&#8221;4.20.2&#8243; _module_preset=&#8221;default&#8221; link_option_url=&#8221;https:\/\/www.puhastid.ee\/ee\/amfile\/file\/download\/file\/13\/product\/655\/&#8221; border_radii=&#8221;on|5px|5px|5px|5px&#8221; global_colors_info=&#8221;{}&#8221;][\/et_pb_toggle][et_pb_accordion _builder_version=&#8221;4.20.2&#8243; _module_preset=&#8221;default&#8221; closed_toggle_font=&#8221;||||||||&#8221; custom_margin=&#8221;||||false|false&#8221; custom_padding=&#8221;||||false|false&#8221; border_radii=&#8221;on|10px|10px|10px|10px&#8221; global_colors_info=&#8221;{}&#8221;][et_pb_accordion_item title=&#8221;Juku 500 &#8211; 1500 D400&#8243; open=&#8221;on&#8221; open_toggle_background_color=&#8221;RGBA(255,255,255,0)&#8221; closed_toggle_background_color=&#8221;RGBA(255,255,255,0)&#8221; icon_color=&#8221;#333333&#8243; toggle_icon=&#8221;&#xe050;||divi||400&#8243; _builder_version=&#8221;4.20.2&#8243; _module_preset=&#8221;default&#8221; background_color=&#8221;RGBA(255,255,255,0)&#8221; background_enable_color=&#8221;on&#8221; border_radii=&#8221;on|0px|0px|0px|0px&#8221; border_width_all=&#8221;0px&#8221; border_width_bottom=&#8221;1px&#8221; global_colors_info=&#8221;{}&#8221;]<\/p>\n<p>Files for download:<\/p>\n<table border=\"1\" style=\"width: 100%; border-collapse: collapse; border-style: solid;\">\n<tbody>\n<tr>\n<td style=\"width: 33.3333%;\"><a href=\"https:\/\/eccuatank.com\/wp-content\/uploads\/2024\/02\/Juku-pumpla-15m-1.dwg\">DWG<\/a><\/td>\n<td style=\"width: 42.071164%;\"><a href=\"https:\/\/eccuatank.com\/wp-content\/uploads\/2024\/02\/Juku-pumpla-15m-1.stp\" download=\"\">STP<\/a><\/td>\n<td style=\"width: 24.595436%;\"><a href=\"https:\/\/eccuatank.com\/wp-content\/uploads\/2024\/02\/Pumpla-Juku-500-tellemisleht.pdf\">ORDER FORM<\/a><\/td>\n<\/tr>\n<\/tbody>\n<\/table>\n<p>[\/et_pb_accordion_item][et_pb_accordion_item title=&#8221;Edgar 900-1500 D850&#8243; open_toggle_background_color=&#8221;RGBA(255,255,255,0)&#8221; closed_toggle_background_color=&#8221;RGBA(255,255,255,0)&#8221; icon_color=&#8221;#333333&#8243; toggle_icon=&#8221;&#xe050;||divi||400&#8243; _builder_version=&#8221;4.20.2&#8243; _module_preset=&#8221;default&#8221; background_color=&#8221;RGBA(255,255,255,0)&#8221; background_enable_color=&#8221;on&#8221; border_radii=&#8221;on|0px|0px|0px|0px&#8221; border_width_all=&#8221;0px&#8221; border_width_bottom=&#8221;1px&#8221; global_colors_info=&#8221;{}&#8221; open=&#8221;off&#8221;]<\/p>\n<p>Files for download:<\/p>\n<table border=\"1\" style=\"width: 100%; border-collapse: collapse; border-style: solid;\">\n<tbody>\n<tr>\n<td style=\"width: 33.3333%;\"><a href=\"https:\/\/eccuatank.com\/wp-content\/uploads\/2024\/02\/Edgar-1500.dwg\" target=\"_blank\" rel=\"noopener\">DWG<\/a><\/td>\n<td style=\"width: 33.3333%;\"><a href=\"https:\/\/eccuatank.com\/wp-content\/uploads\/2024\/02\/Edgar-1500.stp\" download=\"\">STP<\/a><\/td>\n<td style=\"width: 33.3333%;\"><a href=\"https:\/\/eccuatank.com\/wp-content\/uploads\/2024\/02\/Pumpla-Edgar-1500-tellimisleht-2.pdf\">ORDER FORM<\/a><\/td>\n<\/tr>\n<\/tbody>\n<\/table>\n<p>[\/et_pb_accordion_item][et_pb_accordion_item title=&#8221;Siim 1500- 3500 D800&#8243; open_toggle_background_color=&#8221;RGBA(255,255,255,0)&#8221; closed_toggle_background_color=&#8221;RGBA(255,255,255,0)&#8221; icon_color=&#8221;#333333&#8243; toggle_icon=&#8221;&#xe050;||divi||400&#8243; _builder_version=&#8221;4.20.2&#8243; _module_preset=&#8221;default&#8221; background_color=&#8221;RGBA(255,255,255,0)&#8221; background_enable_color=&#8221;on&#8221; border_radii=&#8221;on|0px|0px|0px|0px&#8221; border_width_all=&#8221;0px&#8221; border_width_bottom=&#8221;1px&#8221; global_colors_info=&#8221;{}&#8221; open=&#8221;off&#8221;]<\/p>\n<p>Files for download:<\/p>\n<table border=\"1\" style=\"width: 100%; border-collapse: collapse; border-style: solid; height: 24px;\">\n<tbody>\n<tr style=\"height: 24px;\">\n<td style=\"width: 33.3333%; height: 24px;\"><a href=\"https:\/\/eccuatank.com\/wp-content\/uploads\/2024\/02\/Siim-2200.dwg\">DWG<\/a><\/td>\n<td style=\"width: 33.3333%; height: 24px;\"><a href=\"https:\/\/eccuatank.com\/wp-content\/uploads\/2024\/02\/Siim-2200.stp\" download=\"\">STP<\/a><\/td>\n<td style=\"width: 33.3333%; height: 24px;\"><a href=\"https:\/\/eccuatank.com\/wp-content\/uploads\/2024\/02\/Pumpla-Siim-2200-tellimisleht.pdf\">ORDER FORM<\/a><\/td>\n<\/tr>\n<\/tbody>\n<\/table>\n<p>[\/et_pb_accordion_item][et_pb_accordion_item title=&#8221;Ester 1650-4000 D1550&#8243; _builder_version=&#8221;4.20.2&#8243; _module_preset=&#8221;default&#8221; global_colors_info=&#8221;{}&#8221; open=&#8221;off&#8221;]<\/p>\n<p>Files for download:<\/p>\n<table border=\"1\" style=\"width: 100%; border-collapse: collapse; border-style: solid; height: 24px;\">\n<tbody>\n<tr style=\"height: 24px;\">\n<td style=\"width: 33.3333%; height: 24px;\"><a href=\"https:\/\/eccuatank.com\/wp-content\/uploads\/2024\/02\/Ester2-2500.dwg\" target=\"_blank\" rel=\"noopener\">DWG<\/a><\/td>\n<td style=\"width: 75.080873%; height: 24px;\"><a href=\"https:\/\/eccuatank.com\/wp-content\/uploads\/2024\/02\/Ester2-2500.stp\" download=\"\">STP<\/a><\/td>\n<td style=\"width: 3.236246%; height: 24px;\"><a href=\"https:\/\/eccuatank.com\/wp-content\/uploads\/2023\/10\/Grease-separator-NS20.pdf\">T<\/a><a href=\"https:\/\/eccuatank.com\/wp-content\/uploads\/2024\/02\/Pumpla-Ester-1500-tellemisleht.pdf\">ELLIMISLEHT<\/a><\/td>\n<\/tr>\n<\/tbody>\n<\/table>\n<p>[\/et_pb_accordion_item][et_pb_accordion_item title=&#8221;Taavi 1500-3500 D1400&#8243; _builder_version=&#8221;4.20.2&#8243; _module_preset=&#8221;default&#8221; global_colors_info=&#8221;{}&#8221; open=&#8221;off&#8221;]<\/p>\n<p>Files for download:<\/p>\n<table border=\"1\" style=\"width: 100%; border-collapse: collapse; border-style: solid;\">\n<tbody>\n<tr>\n<td style=\"width: 33.3333%;\"><a href=\"https:\/\/eccuatank.com\/wp-content\/uploads\/2024\/02\/Taavi-2500.dwg\" target=\"_blank\" rel=\"noopener\">DWG<\/a><\/td>\n<td style=\"width: 33.3333%;\"><a href=\"https:\/\/eccuatank.com\/wp-content\/uploads\/2024\/02\/Taavi-2500.stp\" download=\"\">STP<\/a><\/td>\n<td style=\"width: 33.3333%;\"><a href=\"https:\/\/eccuatank.com\/wp-content\/uploads\/2024\/02\/Pumpla-Taavi-2500-tellimisleht.pdf\">ORDER FORM<\/a><\/td>\n<\/tr>\n<\/tbody>\n<\/table>\n<p>[\/et_pb_accordion_item][et_pb_accordion_item title=&#8221;Walter 2000-4000 D1000&#8243; _builder_version=&#8221;4.20.2&#8243; _module_preset=&#8221;default&#8221; global_colors_info=&#8221;{}&#8221; open=&#8221;off&#8221;]<\/p>\n<p>Files for download:<\/p>\n<table border=\"1\" style=\"width: 100%; border-collapse: collapse; border-style: solid;\">\n<tbody>\n<tr>\n<td style=\"width: 33.3333%;\"><a href=\"https:\/\/eccuatank.com\/wp-content\/uploads\/2024\/02\/Walter2-2500-1.dwg\" target=\"_blank\" rel=\"noopener\">DWG<\/a><\/td>\n<td style=\"width: 33.3333%;\"><a href=\"https:\/\/eccuatank.com\/wp-content\/uploads\/2024\/02\/Walter2-2500.stp\" download=\"\">STP<\/a><\/td>\n<td style=\"width: 33.3333%;\"><a href=\"https:\/\/eccuatank.com\/wp-content\/uploads\/2024\/02\/Pumpla-Walter-2500-tellimisleht.pdf\">ORDER FORM<\/a><\/td>\n<\/tr>\n<\/tbody>\n<\/table>\n<p>[\/et_pb_accordion_item][et_pb_accordion_item title=&#8221;Priidik 1800-5000 D1800&#8243; _builder_version=&#8221;4.20.2&#8243; _module_preset=&#8221;default&#8221; global_colors_info=&#8221;{}&#8221; open=&#8221;off&#8221;]<\/p>\n<p>Files for download:<\/p>\n<table border=\"1\" style=\"width: 100%; border-collapse: collapse; border-style: solid;\">\n<tbody>\n<tr>\n<td style=\"width: 33.3333%;\"><a href=\"https:\/\/eccuatank.com\/wp-content\/uploads\/2024\/02\/Priidik-D1800-lahendus1-1.dwg\" target=\"_blank\" rel=\"noopener\">DWG<\/a><\/td>\n<td style=\"width: 33.3333%;\"><a href=\"https:\/\/eccuatank.com\/wp-content\/uploads\/2024\/02\/Priidik-D1800-lahendus1.stp\" download=\"\">STP<\/a><\/td>\n<td style=\"width: 33.3333%;\"><a href=\"https:\/\/eccuatank.com\/wp-content\/uploads\/2024\/02\/Pumpla-Priidik-1800-tellimisleht-2.pdf\">ORDER FORM<\/a><\/td>\n<\/tr>\n<\/tbody>\n<\/table>\n<p>[\/et_pb_accordion_item][et_pb_accordion_item title=&#8221;Lembit 2200-5000 D2200&#8243; _builder_version=&#8221;4.20.2&#8243; _module_preset=&#8221;default&#8221; global_colors_info=&#8221;{}&#8221; open=&#8221;off&#8221;]<\/p>\n<p>Files for download:<\/p>\n<table border=\"1\" style=\"width: 77.669903%; border-collapse: collapse; border-style: solid;\">\n<tbody>\n<tr>\n<td style=\"width: 33.3333%;\"><a href=\"https:\/\/eccuatank.com\/wp-content\/uploads\/2024\/02\/Lembit-D2200-lahendus1.dwg\" target=\"_blank\" rel=\"noopener\">DWG<\/a><\/td>\n<td style=\"width: 63.106763%;\"><a href=\"https:\/\/eccuatank.com\/wp-content\/uploads\/2024\/02\/Lembit-D2200-lahendus1.stp\" download=\"\">STP<\/a><\/td>\n<td style=\"width: 3.236246%;\"><a href=\"https:\/\/eccuatank.com\/wp-content\/uploads\/2024\/02\/Lembit-pumpla-2200-tellimisleht.pdf\">ORDER FORM<\/a><\/td>\n<\/tr>\n<\/tbody>\n<\/table>\n<p>[\/et_pb_accordion_item][\/et_pb_accordion][\/et_pb_column][\/et_pb_row][\/et_pb_section]<\/p>","protected":false},"excerpt":{"rendered":"<p>PUMPLADEccual on pumplate tootmise kogemust \u00fcle 30 aasta. Selle aja v\u00e4ltel oleme tootnud \u00fcle 10\u00a0000 erineva pumpla nii reo-, drenaa\u017ei- kui ka joogiveele k\u00f5ikidesse Skandinaavia ja Balti riikidesse. Pumplate tootevalik jaguneb kahte gruppi: kinnistute sisesed v\u00e4ikepumplad ja \u00fchisveev\u00e4rgi ehk kommunaalpumplad. &nbsp; Pumplate kestadena kasutame rotatsioonvalu meetodil valmistatud spetsiaalseid PE plastikust monoliitseid korpuseid, PE torust k\u00e4sit\u00f6\u00f6na [&hellip;]<\/p>","protected":false},"author":3,"featured_media":0,"parent":0,"menu_order":0,"comment_status":"closed","ping_status":"closed","template":"","meta":{"_et_pb_use_builder":"on","_et_pb_old_content":"","_et_gb_content_width":"","_uag_custom_page_level_css":"","footnotes":""},"class_list":["post-3264","page","type-page","status-publish","hentry"],"uagb_featured_image_src":{"full":false,"thumbnail":false,"medium":false,"medium_large":false,"large":false,"1536x1536":false,"2048x2048":false,"trp-custom-language-flag":false,"et-pb-post-main-image":false,"et-pb-post-main-image-fullwidth":false,"et-pb-portfolio-image":false,"et-pb-portfolio-module-image":false,"et-pb-portfolio-image-single":false,"et-pb-gallery-module-image-portrait":false,"et-pb-post-main-image-fullwidth-large":false,"et-pb-image--responsive--desktop":false,"et-pb-image--responsive--tablet":false,"et-pb-image--responsive--phone":false},"uagb_author_info":{"display_name":"Kadri-Ly Miil","author_link":"https:\/\/eccuatank.com\/en\/author\/kadri-ly\/"},"uagb_comment_info":0,"uagb_excerpt":"PUMPLADEccual on pumplate tootmise kogemust \u00fcle 30 aasta. Selle aja v\u00e4ltel oleme tootnud \u00fcle 10\u00a0000 erineva pumpla nii reo-, drenaa\u017ei- kui ka joogiveele k\u00f5ikidesse Skandinaavia ja Balti riikidesse. Pumplate tootevalik jaguneb kahte gruppi: kinnistute sisesed v\u00e4ikepumplad ja \u00fchisveev\u00e4rgi ehk kommunaalpumplad. &nbsp; Pumplate kestadena kasutame rotatsioonvalu meetodil valmistatud spetsiaalseid PE plastikust monoliitseid korpuseid, PE torust k\u00e4sit\u00f6\u00f6na&hellip;","_links":{"self":[{"href":"https:\/\/eccuatank.com\/en\/wp-json\/wp\/v2\/pages\/3264","targetHints":{"allow":["GET"]}}],"collection":[{"href":"https:\/\/eccuatank.com\/en\/wp-json\/wp\/v2\/pages"}],"about":[{"href":"https:\/\/eccuatank.com\/en\/wp-json\/wp\/v2\/types\/page"}],"author":[{"embeddable":true,"href":"https:\/\/eccuatank.com\/en\/wp-json\/wp\/v2\/users\/3"}],"replies":[{"embeddable":true,"href":"https:\/\/eccuatank.com\/en\/wp-json\/wp\/v2\/comments?post=3264"}],"version-history":[{"count":8,"href":"https:\/\/eccuatank.com\/en\/wp-json\/wp\/v2\/pages\/3264\/revisions"}],"predecessor-version":[{"id":3351,"href":"https:\/\/eccuatank.com\/en\/wp-json\/wp\/v2\/pages\/3264\/revisions\/3351"}],"wp:attachment":[{"href":"https:\/\/eccuatank.com\/en\/wp-json\/wp\/v2\/media?parent=3264"}],"curies":[{"name":"wp","href":"https:\/\/api.w.org\/{rel}","templated":true}]}}