{"id":1821,"date":"2023-03-01T21:40:56","date_gmt":"2023-03-01T21:40:56","guid":{"rendered":"https:\/\/eccuatank.com\/?page_id=1821"},"modified":"2024-03-26T11:38:16","modified_gmt":"2024-03-26T11:38:16","slug":"rasvaeraldajad","status":"publish","type":"page","link":"https:\/\/eccuatank.com\/fi\/rasvaeraldajad\/","title":{"rendered":"Rasvanerotuskaivot"},"content":{"rendered":"<p>[et_pb_section fb_built=&#8221;1&#8243; _builder_version=&#8221;4.20.2&#8243; _module_preset=&#8221;default&#8221; background_color=&#8221;#ECECEB&#8221; global_colors_info=&#8221;{}&#8221;][et_pb_row column_structure=&#8221;1_2,1_2&#8243; _builder_version=&#8221;4.20.2&#8243; _module_preset=&#8221;default&#8221; global_colors_info=&#8221;{}&#8221;][et_pb_column type=&#8221;1_2&#8243; _builder_version=&#8221;4.20.2&#8243; _module_preset=&#8221;default&#8221; global_colors_info=&#8221;{}&#8221;][et_pb_text _builder_version=&#8221;4.20.2&#8243; _module_preset=&#8221;default&#8221; text_font=&#8221;Abel|700|||||||&#8221; text_font_size=&#8221;3vw&#8221; text_letter_spacing=&#8221;5px&#8221; header_font=&#8221;Abel||||||||&#8221; global_colors_info=&#8221;{}&#8221;]<\/p>\n<p>RASVANEROTUSKAIVOT<\/p>\n<p>[\/et_pb_text][et_pb_blurb image=&#8221;https:\/\/eccuatank.com\/wp-content\/uploads\/2023\/07\/Rasvaeraldaja-NS5.51-e1690488463900.jpg&#8221; _builder_version=&#8221;4.20.2&#8243; _module_preset=&#8221;default&#8221; animation=&#8221;off&#8221; border_radii_image=&#8221;on|5px|5px|5px|5px&#8221; global_colors_info=&#8221;{}&#8221;]<\/p>\n<p><span>Rasvanerotinta k\u00e4ytet\u00e4\u00e4n ravintoloiden, ateriapalveluyritysten, elintarviketeollisuuden ja muiden\nteollisuuslaitosten j\u00e4tevesien johtamiseen viem\u00e4riin. El\u00e4in- ja kasvirasvat sek\u00e4 -\u00f6ljyt ker\u00e4\u00e4ntyv\u00e4t\nj\u00e4teveden ylempiin kerroksiin, ja alaosan puhdistettu vesi kierr\u00e4tet\u00e4\u00e4n. ECCUA-rasvanerotin t\u00e4ytt\u00e4\u00e4\neurooppalaisen EVS-EN1825-1:2004 -standardin ehdot.<\/span><\/p>\n<p>[\/et_pb_blurb][et_pb_button button_url=&#8221;https:\/\/eccuatank.com\/contact\/&#8221; button_text=&#8221;K\u00fcsi pakkumist!&#8221; button_alignment=&#8221;center&#8221; _builder_version=&#8221;4.20.2&#8243; _module_preset=&#8221;default&#8221; custom_button=&#8221;on&#8221; button_text_size=&#8221;1.5vw&#8221; button_text_color=&#8221;#254D3D&#8221; button_bg_color=&#8221;RGBA(255,255,255,0)&#8221; button_border_width=&#8221;2px&#8221; button_border_radius=&#8221;5px&#8221; button_letter_spacing=&#8221;0px&#8221; button_font=&#8221;|||on|||||&#8221; button_icon=&#8221;&#xe010;||divi||400&#8243; button_text_size_tablet=&#8221;2.5vw&#8221; button_text_size_phone=&#8221;3.5vw&#8221; button_text_size_last_edited=&#8221;on|desktop&#8221; locked=&#8221;off&#8221; global_colors_info=&#8221;{}&#8221;][\/et_pb_button][\/et_pb_column][et_pb_column type=&#8221;1_2&#8243; _builder_version=&#8221;4.20.2&#8243; _module_preset=&#8221;default&#8221; global_colors_info=&#8221;{}&#8221;][et_pb_text _builder_version=&#8221;4.20.2&#8243; _module_preset=&#8221;default&#8221; text_font=&#8221;Abel|700||on|||||&#8221; text_font_size=&#8221;1.5vw&#8221; text_letter_spacing=&#8221;2px&#8221; header_font=&#8221;Abel||||||||&#8221; global_colors_info=&#8221;{}&#8221;]<\/p>\n<p>PIIRUSTUKSET:<\/p>\n<p>[\/et_pb_text][et_pb_toggle title=&#8221;JUHENDID&#8221; _builder_version=&#8221;4.20.2&#8243; _module_preset=&#8221;default&#8221; border_radii=&#8221;on|5px|5px|5px|5px&#8221; global_colors_info=&#8221;{}&#8221;]<\/p>\n<p><a href=\"https:\/\/eccuatank.com\/wp-content\/uploads\/2023\/07\/Rasvaraldaja-Paig-hoold-juhend.pdf\">Paigaldusjuhend<\/a><\/p>\n<p>[\/et_pb_toggle][et_pb_accordion _builder_version=&#8221;4.20.2&#8243; _module_preset=&#8221;default&#8221; closed_toggle_font=&#8221;||||||||&#8221; custom_margin=&#8221;||||false|false&#8221; custom_padding=&#8221;||||false|false&#8221; hover_enabled=&#8221;0&#8243; border_radii=&#8221;on|10px|10px|10px|10px&#8221; global_colors_info=&#8221;{}&#8221; sticky_enabled=&#8221;0&#8243;][et_pb_accordion_item title=&#8221;Rasvaeraldaja NS4&#8243; open=&#8221;on&#8221; open_toggle_background_color=&#8221;RGBA(255,255,255,0)&#8221; closed_toggle_background_color=&#8221;RGBA(255,255,255,0)&#8221; icon_color=&#8221;#333333&#8243; toggle_icon=&#8221;&#xe050;||divi||400&#8243; _builder_version=&#8221;4.20.2&#8243; _module_preset=&#8221;default&#8221; background_color=&#8221;RGBA(255,255,255,0)&#8221; background_enable_color=&#8221;on&#8221; hover_enabled=&#8221;0&#8243; border_radii=&#8221;on|0px|0px|0px|0px&#8221; border_width_all=&#8221;0px&#8221; border_width_bottom=&#8221;1px&#8221; global_colors_info=&#8221;{}&#8221; sticky_enabled=&#8221;0&#8243;]<\/p>\n<p>Ladattavat tiedostot:<\/p>\n<table border=\"1\" style=\"width: 100%; border-collapse: collapse; border-style: solid;\">\n<tbody>\n<tr>\n<td style=\"width: 33.3333%;\"><a href=\"https:\/\/eccuatank.com\/wp-content\/uploads\/2023\/04\/Rasvaeraldaja-NS4.dwg\">DWG<\/a><\/td>\n<td style=\"width: 33.3333%;\"><a href=\"https:\/\/eccuatank.com\/wp-content\/uploads\/2023\/06\/Rasvaeraldaja-NS4-Estris.stp\" download=\"\">STP<\/a><\/td>\n<td style=\"width: 33.3333%;\"><a href=\"https:\/\/eccua.ee\/wp-content\/uploads\/2024\/03\/Rasvaeraldaja-NS4.pdf\">TALIAUSLOMAKE<\/a><\/td>\n<\/tr>\n<\/tbody>\n<\/table>\n<p>[\/et_pb_accordion_item][et_pb_accordion_item title=&#8221;Rasvaeraldaja NS5&#8243; open_toggle_background_color=&#8221;RGBA(255,255,255,0)&#8221; closed_toggle_background_color=&#8221;RGBA(255,255,255,0)&#8221; icon_color=&#8221;#333333&#8243; toggle_icon=&#8221;&#xe050;||divi||400&#8243; _builder_version=&#8221;4.20.2&#8243; _module_preset=&#8221;default&#8221; background_color=&#8221;RGBA(255,255,255,0)&#8221; background_enable_color=&#8221;on&#8221; hover_enabled=&#8221;0&#8243; border_radii=&#8221;on|0px|0px|0px|0px&#8221; border_width_all=&#8221;0px&#8221; border_width_bottom=&#8221;1px&#8221; global_colors_info=&#8221;{}&#8221; open=&#8221;off&#8221; sticky_enabled=&#8221;0&#8243;]<\/p>\n<p>Ladattavat tiedostot:<\/p>\n<table border=\"1\" style=\"width: 100%; border-collapse: collapse; border-style: solid;\">\n<tbody>\n<tr>\n<td style=\"width: 33.3333%;\"><a href=\"https:\/\/eccuatank.com\/wp-content\/uploads\/2023\/04\/Rasvaeraldaja-NS5.dwg\" target=\"_blank\" rel=\"noopener\">DWG<\/a><\/td>\n<td style=\"width: 33.3333%;\"><a href=\"https:\/\/eccuatank.com\/wp-content\/uploads\/2023\/06\/Rasvaeraldaja-NS5.stp\" download=\"\">STP<\/a><\/td>\n<td style=\"width: 33.3333%;\"><a href=\"https:\/\/eccua.ee\/wp-content\/uploads\/2024\/03\/Rasvaeraldaja-NS5.pdf\">TALIAUSLOMAKE<\/a><\/td>\n<\/tr>\n<\/tbody>\n<\/table>\n<p>[\/et_pb_accordion_item][et_pb_accordion_item title=&#8221;Rasvaeraldaja NS5 D1800 pallis&#8221; open_toggle_background_color=&#8221;RGBA(255,255,255,0)&#8221; closed_toggle_background_color=&#8221;RGBA(255,255,255,0)&#8221; icon_color=&#8221;#333333&#8243; toggle_icon=&#8221;&#xe050;||divi||400&#8243; _builder_version=&#8221;4.20.2&#8243; _module_preset=&#8221;default&#8221; background_color=&#8221;RGBA(255,255,255,0)&#8221; background_enable_color=&#8221;on&#8221; hover_enabled=&#8221;0&#8243; border_radii=&#8221;on|0px|0px|0px|0px&#8221; border_width_all=&#8221;0px&#8221; border_width_bottom=&#8221;1px&#8221; global_colors_info=&#8221;{}&#8221; open=&#8221;off&#8221; sticky_enabled=&#8221;0&#8243;]<\/p>\n<p>Ladattavat tiedostot:<\/p>\n<table border=\"1\" style=\"width: 100%; border-collapse: collapse; border-style: solid;\">\n<tbody>\n<tr>\n<td style=\"width: 33.3333%;\">DWG<\/td>\n<td style=\"width: 33.3333%;\">STP<\/td>\n<td style=\"width: 33.3333%;\"><a href=\"https:\/\/eccua.ee\/wp-content\/uploads\/2024\/03\/Rasvaeraldaja-NS5-D1800-pallis.pdf\">TALIAUSLOMAKE<\/a><\/td>\n<\/tr>\n<\/tbody>\n<\/table>\n<p>[\/et_pb_accordion_item][et_pb_accordion_item title=&#8221;Rasvaeraldaja NS7&#8243; open_toggle_background_color=&#8221;RGBA(255,255,255,0)&#8221; closed_toggle_background_color=&#8221;RGBA(255,255,255,0)&#8221; icon_color=&#8221;#333333&#8243; toggle_icon=&#8221;&#xe050;||divi||400&#8243; _builder_version=&#8221;4.20.2&#8243; _module_preset=&#8221;default&#8221; background_color=&#8221;RGBA(255,255,255,0)&#8221; background_enable_color=&#8221;on&#8221; hover_enabled=&#8221;0&#8243; border_radii=&#8221;on|0px|0px|0px|0px&#8221; border_width_all=&#8221;0px&#8221; border_width_bottom=&#8221;1px&#8221; global_colors_info=&#8221;{}&#8221; open=&#8221;off&#8221; sticky_enabled=&#8221;0&#8243;]<\/p>\n<p>Ladattavat tiedostot:<\/p>\n<table border=\"1\" style=\"width: 100%; border-collapse: collapse; border-style: solid; height: 24px;\">\n<tbody>\n<tr style=\"height: 24px;\">\n<td style=\"width: 33.3333%; height: 24px;\"><a href=\"https:\/\/eccuatank.com\/wp-content\/uploads\/2023\/04\/Rasvaeraldaja-NS7.dwg\" target=\"_blank\" rel=\"noopener\">DWG<\/a><\/td>\n<td style=\"width: 33.3333%; height: 24px;\"><a href=\"https:\/\/eccuatank.com\/wp-content\/uploads\/2023\/06\/Rasvaeraldaja-NS7.stp\" download=\"\">STP<\/a><\/td>\n<td style=\"width: 33.3333%; height: 24px;\"><a href=\"https:\/\/eccua.ee\/wp-content\/uploads\/2024\/03\/Rasvaeraldaja-NS7.pdf\">TALIAUSLOMAKE<\/a><\/td>\n<\/tr>\n<\/tbody>\n<\/table>\n<p>[\/et_pb_accordion_item][et_pb_accordion_item title=&#8221;Rasvaeraldaja NS7 D1800 pallis&#8221; open_toggle_background_color=&#8221;RGBA(255,255,255,0)&#8221; closed_toggle_background_color=&#8221;RGBA(255,255,255,0)&#8221; icon_color=&#8221;#333333&#8243; toggle_icon=&#8221;&#xe050;||divi||400&#8243; _builder_version=&#8221;4.20.2&#8243; _module_preset=&#8221;default&#8221; background_color=&#8221;RGBA(255,255,255,0)&#8221; background_enable_color=&#8221;on&#8221; hover_enabled=&#8221;0&#8243; border_radii=&#8221;on|0px|0px|0px|0px&#8221; border_width_all=&#8221;0px&#8221; border_width_bottom=&#8221;1px&#8221; global_colors_info=&#8221;{}&#8221; open=&#8221;off&#8221; sticky_enabled=&#8221;0&#8243;]<\/p>\n<p>Ladattavat tiedostot:<\/p>\n<table border=\"1\" style=\"width: 100%; border-collapse: collapse; border-style: solid; height: 24px;\">\n<tbody>\n<tr style=\"height: 24px;\">\n<td style=\"width: 33.3333%; height: 24px;\">DWG<\/td>\n<td style=\"width: 33.3333%; height: 24px;\">STP<\/td>\n<td style=\"width: 33.3333%; height: 24px;\"><a href=\"https:\/\/eccua.ee\/wp-content\/uploads\/2024\/03\/Rasvaeraldaja-NS7-D1800-pallis.pdf\">TALIAUSLOMAKE<\/a><\/td>\n<\/tr>\n<\/tbody>\n<\/table>\n<p>[\/et_pb_accordion_item][et_pb_accordion_item title=&#8221;Rasvaeraldaja NS10&#8243; _builder_version=&#8221;4.20.2&#8243; _module_preset=&#8221;default&#8221; hover_enabled=&#8221;0&#8243; global_colors_info=&#8221;{}&#8221; open=&#8221;off&#8221; sticky_enabled=&#8221;0&#8243;]<\/p>\n<p>Ladattavat tiedostot:<\/p>\n<table border=\"1\" style=\"width: 100%; border-collapse: collapse; border-style: solid;\">\n<tbody>\n<tr>\n<td style=\"width: 33.3333%;\"><a href=\"https:\/\/eccuatank.com\/wp-content\/uploads\/2023\/04\/Rasvaeraldaja-NS10.dwg\" target=\"_blank\" rel=\"noopener\">DWG<\/a><\/td>\n<td style=\"width: 33.3333%;\"><a href=\"https:\/\/eccuatank.com\/wp-content\/uploads\/2023\/06\/Rasvaeraldaja-NS10.stp\" download=\"\">STP<\/a><\/td>\n<td style=\"width: 33.3333%;\"><a href=\"https:\/\/eccua.ee\/wp-content\/uploads\/2024\/03\/Rasvaeraldaja-NS10.pdf\">TALIAUSLOMAKE<\/a><\/td>\n<\/tr>\n<\/tbody>\n<\/table>\n<p>[\/et_pb_accordion_item][et_pb_accordion_item title=&#8221;Rasvaeraldaja NS10 D2200 pallis&#8221; _builder_version=&#8221;4.20.2&#8243; _module_preset=&#8221;default&#8221; hover_enabled=&#8221;0&#8243; global_colors_info=&#8221;{}&#8221; open=&#8221;off&#8221; sticky_enabled=&#8221;0&#8243;]<\/p>\n<p>Ladattavat tiedostot:<\/p>\n<table border=\"1\" style=\"width: 100%; border-collapse: collapse; border-style: solid;\">\n<tbody>\n<tr>\n<td style=\"width: 33.3333%;\">DWG<\/td>\n<td style=\"width: 33.3333%;\">STP<\/td>\n<td style=\"width: 33.3333%;\"><a href=\"https:\/\/eccua.ee\/wp-content\/uploads\/2024\/03\/Rasvaeraldaja-NS10-D2200-pallis.pdf\">TALIAUSLOMAKE<\/a><\/td>\n<\/tr>\n<\/tbody>\n<\/table>\n<p>[\/et_pb_accordion_item][et_pb_accordion_item title=&#8221;Rasvaeraldaja NS15&#8243; _builder_version=&#8221;4.20.2&#8243; _module_preset=&#8221;default&#8221; hover_enabled=&#8221;0&#8243; global_colors_info=&#8221;{}&#8221; open=&#8221;off&#8221; sticky_enabled=&#8221;0&#8243;]<\/p>\n<p>Ladattavat tiedostot:<\/p>\n<table border=\"1\" style=\"width: 100%; border-collapse: collapse; border-style: solid;\">\n<tbody>\n<tr>\n<td style=\"width: 33.3333%;\"><a href=\"https:\/\/eccuatank.com\/wp-content\/uploads\/2023\/04\/Rasvaeraldaja-NS15.dwg\" target=\"_blank\" rel=\"noopener\">DWG<\/a><\/td>\n<td style=\"width: 33.3333%;\"><a href=\"https:\/\/eccuatank.com\/wp-content\/uploads\/2023\/06\/Rasvaeraldaja-NS15.stp\" download=\"\">STP<\/a><\/td>\n<td style=\"width: 33.3333%;\"><a href=\"https:\/\/eccua.ee\/wp-content\/uploads\/2024\/03\/Rasvaeraldaja-NS15.pdf\">TALIAUSLOMAKE<\/a><\/td>\n<\/tr>\n<\/tbody>\n<\/table>\n<p>[\/et_pb_accordion_item][et_pb_accordion_item title=&#8221;Rasvaeraldaja NS20&#8243; _builder_version=&#8221;4.20.2&#8243; _module_preset=&#8221;default&#8221; hover_enabled=&#8221;0&#8243; global_colors_info=&#8221;{}&#8221; open=&#8221;off&#8221; sticky_enabled=&#8221;0&#8243;]<\/p>\n<p>Ladattavat tiedostot:<\/p>\n<table border=\"1\" style=\"width: 100%; border-collapse: collapse; border-style: solid;\">\n<tbody>\n<tr>\n<td style=\"width: 33.3333%;\"><a href=\"https:\/\/eccuatank.com\/wp-content\/uploads\/2023\/04\/Rasvaeraldaja-NS20.dwg\" target=\"_blank\" rel=\"noopener\">DWG<\/a><\/td>\n<td style=\"width: 33.3333%;\"><a href=\"https:\/\/eccuatank.com\/wp-content\/uploads\/2023\/06\/Rasvaeraldaja-NS20.stp\" download=\"\">STP<\/a><\/td>\n<td style=\"width: 33.3333%;\"><a href=\"https:\/\/eccua.ee\/wp-content\/uploads\/2024\/03\/Rasvaeraldaja-NS20.pdf\">TALIAUSLOMAKE<\/a><\/td>\n<\/tr>\n<\/tbody>\n<\/table>\n<p>[\/et_pb_accordion_item][et_pb_accordion_item title=&#8221;Rasvaeraldaja NS25&#8243; _builder_version=&#8221;4.20.2&#8243; _module_preset=&#8221;default&#8221; hover_enabled=&#8221;0&#8243; global_colors_info=&#8221;{}&#8221; open=&#8221;off&#8221; sticky_enabled=&#8221;0&#8243;]<\/p>\n<p>Ladattavat tiedostot:<\/p>\n<table border=\"1\" style=\"width: 100%; border-collapse: collapse; border-style: solid;\">\n<tbody>\n<tr>\n<td style=\"width: 33.3333%;\"><a href=\"https:\/\/eccuatank.com\/wp-content\/uploads\/2023\/04\/Rasvaeraldaja-NS25.dwg\" target=\"_blank\" rel=\"noopener\">DWG<\/a><\/td>\n<td style=\"width: 33.3333%;\"><a href=\"https:\/\/eccuatank.com\/wp-content\/uploads\/2023\/06\/Rasvaeraldaja-NS25.stp\" download=\"\">STP<\/a><\/td>\n<td style=\"width: 33.3333%;\"><a href=\"https:\/\/eccua.ee\/wp-content\/uploads\/2024\/03\/Rasvaeraldaja-NS25.pdf\">TALIAUSLOMAKE<\/a><\/td>\n<\/tr>\n<\/tbody>\n<\/table>\n<p>[\/et_pb_accordion_item][et_pb_accordion_item title=&#8221;Rasvaeraldaja NS30&#8243; _builder_version=&#8221;4.20.2&#8243; _module_preset=&#8221;default&#8221; hover_enabled=&#8221;0&#8243; global_colors_info=&#8221;{}&#8221; open=&#8221;off&#8221; sticky_enabled=&#8221;0&#8243;]<\/p>\n<p>Ladattavat tiedostot:<\/p>\n<table border=\"1\" style=\"width: 100%; border-collapse: collapse; border-style: solid;\">\n<tbody>\n<tr>\n<td style=\"width: 33.3333%;\"><a href=\"https:\/\/eccuatank.com\/wp-content\/uploads\/2023\/04\/Rasvaeraldaja-NS30.dwg\" target=\"_blank\" rel=\"noopener\">DWG<\/a><\/td>\n<td style=\"width: 33.3333%;\"><a href=\"https:\/\/eccuatank.com\/wp-content\/uploads\/2023\/06\/Rasvaeraldaja-NS30.stp\" download=\"\">STP<\/a><\/td>\n<td style=\"width: 33.3333%;\"><a href=\"https:\/\/eccua.ee\/wp-content\/uploads\/2024\/03\/Rasvaeraldaja-NS30.pdf\">TALIAUSLOMAKE<\/a><\/td>\n<\/tr>\n<\/tbody>\n<\/table>\n<p>[\/et_pb_accordion_item][et_pb_accordion_item title=&#8221;Rasvaeraldaja NS35&#8243; _builder_version=&#8221;4.20.2&#8243; _module_preset=&#8221;default&#8221; hover_enabled=&#8221;0&#8243; global_colors_info=&#8221;{}&#8221; open=&#8221;off&#8221; sticky_enabled=&#8221;0&#8243;]<\/p>\n<p>Ladattavat tiedostot:<\/p>\n<table border=\"1\" style=\"width: 100%; border-collapse: collapse; border-style: solid; height: 24px;\">\n<tbody>\n<tr style=\"height: 24px;\">\n<td style=\"width: 33.3333%; height: 24px;\"><a href=\"https:\/\/eccuatank.com\/wp-content\/uploads\/2023\/02\/ECCUA2021_445x6303mmBleed_CMYKGoldPMS.pdf\" target=\"_blank\" rel=\"noopener\">DWG<\/a><\/td>\n<td style=\"width: 33.3333%; height: 24px;\"><a href=\"https:\/\/eccuatank.com\/wp-content\/uploads\/2023\/06\/Rasvaeraldaja-NS35.stp\" download=\"\">STP<\/a><\/td>\n<td style=\"width: 33.3333%; height: 24px;\"><a href=\"https:\/\/eccua.ee\/wp-content\/uploads\/2024\/03\/Rasvaeraldaja-NS35.pdf\">TALIAUSLOMAKE<\/a><\/td>\n<\/tr>\n<\/tbody>\n<\/table>\n<p>[\/et_pb_accordion_item][et_pb_accordion_item title=&#8221;Rasvaeraldaja NS40&#8243; _builder_version=&#8221;4.20.2&#8243; _module_preset=&#8221;default&#8221; hover_enabled=&#8221;0&#8243; global_colors_info=&#8221;{}&#8221; open=&#8221;off&#8221; sticky_enabled=&#8221;0&#8243;]<\/p>\n<p>Ladattavat tiedostot:<\/p>\n<table border=\"1\" style=\"width: 100%; border-collapse: collapse; border-style: solid; height: 24px;\">\n<tbody>\n<tr style=\"height: 24px;\">\n<td style=\"width: 33.3333%; height: 24px;\"><a href=\"https:\/\/eccuatank.com\/wp-content\/uploads\/2023\/04\/Rasvaeraldaja-NS40.dwg\" target=\"_blank\" rel=\"noopener\">DWG<\/a><\/td>\n<td style=\"width: 33.3333%; height: 24px;\"><a href=\"https:\/\/eccuatank.com\/wp-content\/uploads\/2023\/06\/Rasvaeraldaja-NS40.stp\" download=\"\">STP<\/a><\/td>\n<td style=\"width: 33.3333%; height: 24px;\"><a href=\"https:\/\/eccua.ee\/wp-content\/uploads\/2024\/03\/Rasvaeraldaja-NS40.pdf\">TALIAUSLOMAKE<\/a><\/td>\n<\/tr>\n<\/tbody>\n<\/table>\n<p>[\/et_pb_accordion_item][et_pb_accordion_item title=&#8221;Rasvaeraldaja NS50&#8243; _builder_version=&#8221;4.20.2&#8243; _module_preset=&#8221;default&#8221; hover_enabled=&#8221;0&#8243; global_colors_info=&#8221;{}&#8221; open=&#8221;off&#8221; sticky_enabled=&#8221;0&#8243;]<\/p>\n<p>Ladattavat tiedostot:<\/p>\n<table border=\"1\" style=\"width: 100%; border-collapse: collapse; border-style: solid;\">\n<tbody>\n<tr>\n<td style=\"width: 33.3333%;\"><a href=\"https:\/\/eccuatank.com\/wp-content\/uploads\/2023\/04\/Rasvaeraldaja-NS50.dwg\" target=\"_blank\" rel=\"noopener\">DWG<\/a><\/td>\n<td style=\"width: 33.3333%;\"><a href=\"https:\/\/eccuatank.com\/wp-content\/uploads\/2023\/06\/Rasvaeraldaja-NS50.stp\" download=\"\">STP<\/a><\/td>\n<td style=\"width: 33.3333%;\"><a href=\"https:\/\/eccua.ee\/wp-content\/uploads\/2024\/03\/Rasvaeraldaja-NS50.pdf\">TALIAUSLOMAKE<\/a><\/td>\n<\/tr>\n<\/tbody>\n<\/table>\n<p>[\/et_pb_accordion_item][et_pb_accordion_item title=&#8221;Rasvaeraldaja NS65&#8243; _builder_version=&#8221;4.20.2&#8243; _module_preset=&#8221;default&#8221; hover_enabled=&#8221;0&#8243; global_colors_info=&#8221;{}&#8221; open=&#8221;off&#8221; sticky_enabled=&#8221;0&#8243;]<\/p>\n<p style=\"text-align: left;\">Ladattavat tiedostot:<\/p>\n<table border=\"1\" style=\"width: 100%; border-collapse: collapse; border-style: solid;\">\n<tbody>\n<tr>\n<td style=\"width: 33.3333%;\"><a href=\"https:\/\/eccuatank.com\/wp-content\/uploads\/2023\/04\/Rasvaeraldaja-NS65.dwg\" target=\"_blank\" rel=\"noopener\">DWG<\/a><\/td>\n<td style=\"width: 33.3333%;\"><a href=\"https:\/\/eccuatank.com\/wp-content\/uploads\/2023\/06\/Rasvaeraldaja-NS65.stp\" download=\"\">STP<\/a><\/td>\n<td style=\"width: 33.3333%;\"><a href=\"https:\/\/eccua.ee\/wp-content\/uploads\/2024\/03\/Rasvaeraldaja-NS65.pdf\">TALIAUSLOMAKE<\/a><\/td>\n<\/tr>\n<\/tbody>\n<\/table>\n<p>[\/et_pb_accordion_item][\/et_pb_accordion][\/et_pb_column][\/et_pb_row][\/et_pb_section]<\/p>","protected":false},"excerpt":{"rendered":"<p>RASVAERALDAJADRasvap\u00fc\u00fcdurit kasutatakse restoranide jt toitlustusettev\u00f5tete, toiduainet\u00f6\u00f6stuse ning teiste t\u00f6\u00f6stusettev\u00f5tete heitvete edasisuunamisel kanalisatsiooniv\u00f5rku. Loomsed ja taimsed rasvad ning \u00f5lid kogunevad heitvee k\u00f5rgematesse kihtidesse ning alumise osa puhastunud vesi suunatakse edasi ringlusesse. ECCUA rasvap\u00fc\u00fcdur vastab Euroopa Liidu standardile EVS-EN1825-1:2004.JOONISED:PaigaldusjuhendFailid allalaadimiseks: DWG STP TELLIMISLEHT Failid allalaadimiseks: DWG STP TELLIMISLEHT Failid allalaadimiseks: DWG STP TELLIMISLEHT Failid allalaadimiseks: DWG STP [&hellip;]<\/p>","protected":false},"author":2,"featured_media":0,"parent":0,"menu_order":0,"comment_status":"closed","ping_status":"closed","template":"","meta":{"_et_pb_use_builder":"on","_et_pb_old_content":"","_et_gb_content_width":"","_uag_custom_page_level_css":"","footnotes":""},"class_list":["post-1821","page","type-page","status-publish","hentry"],"uagb_featured_image_src":{"full":false,"thumbnail":false,"medium":false,"medium_large":false,"large":false,"1536x1536":false,"2048x2048":false,"trp-custom-language-flag":false,"et-pb-post-main-image":false,"et-pb-post-main-image-fullwidth":false,"et-pb-portfolio-image":false,"et-pb-portfolio-module-image":false,"et-pb-portfolio-image-single":false,"et-pb-gallery-module-image-portrait":false,"et-pb-post-main-image-fullwidth-large":false,"et-pb-image--responsive--desktop":false,"et-pb-image--responsive--tablet":false,"et-pb-image--responsive--phone":false},"uagb_author_info":{"display_name":"Oliver Dalberg","author_link":"https:\/\/eccuatank.com\/fi\/author\/oliver\/"},"uagb_comment_info":0,"uagb_excerpt":"RASVAERALDAJADRasvap\u00fc\u00fcdurit kasutatakse restoranide jt toitlustusettev\u00f5tete, toiduainet\u00f6\u00f6stuse ning teiste t\u00f6\u00f6stusettev\u00f5tete heitvete edasisuunamisel kanalisatsiooniv\u00f5rku. Loomsed ja taimsed rasvad ning \u00f5lid kogunevad heitvee k\u00f5rgematesse kihtidesse ning alumise osa puhastunud vesi suunatakse edasi ringlusesse. ECCUA rasvap\u00fc\u00fcdur vastab Euroopa Liidu standardile EVS-EN1825-1:2004.JOONISED:PaigaldusjuhendFailid allalaadimiseks: DWG STP TELLIMISLEHT Failid allalaadimiseks: DWG STP TELLIMISLEHT Failid allalaadimiseks: DWG STP TELLIMISLEHT Failid allalaadimiseks: DWG STP&hellip;","_links":{"self":[{"href":"https:\/\/eccuatank.com\/fi\/wp-json\/wp\/v2\/pages\/1821","targetHints":{"allow":["GET"]}}],"collection":[{"href":"https:\/\/eccuatank.com\/fi\/wp-json\/wp\/v2\/pages"}],"about":[{"href":"https:\/\/eccuatank.com\/fi\/wp-json\/wp\/v2\/types\/page"}],"author":[{"embeddable":true,"href":"https:\/\/eccuatank.com\/fi\/wp-json\/wp\/v2\/users\/2"}],"replies":[{"embeddable":true,"href":"https:\/\/eccuatank.com\/fi\/wp-json\/wp\/v2\/comments?post=1821"}],"version-history":[{"count":38,"href":"https:\/\/eccuatank.com\/fi\/wp-json\/wp\/v2\/pages\/1821\/revisions"}],"predecessor-version":[{"id":3391,"href":"https:\/\/eccuatank.com\/fi\/wp-json\/wp\/v2\/pages\/1821\/revisions\/3391"}],"wp:attachment":[{"href":"https:\/\/eccuatank.com\/fi\/wp-json\/wp\/v2\/media?parent=1821"}],"curies":[{"name":"wp","href":"https:\/\/api.w.org\/{rel}","templated":true}]}}