{"id":1824,"date":"2023-03-01T21:43:27","date_gmt":"2023-03-01T21:43:27","guid":{"rendered":"https:\/\/eccuatank.com\/?page_id=1824"},"modified":"2023-05-30T08:12:35","modified_gmt":"2023-05-30T08:12:35","slug":"olieraldajad","status":"publish","type":"page","link":"https:\/\/eccuatank.com\/fi\/olieraldajad\/","title":{"rendered":"\u00d6ljynerotuskaivot"},"content":{"rendered":"<p>[et_pb_section fb_built=&#8221;1&#8243; _builder_version=&#8221;4.20.2&#8243; _module_preset=&#8221;default&#8221; background_color=&#8221;#ECECEB&#8221; global_colors_info=&#8221;{}&#8221;][et_pb_row _builder_version=&#8221;4.20.2&#8243; _module_preset=&#8221;default&#8221; global_colors_info=&#8221;{}&#8221;][et_pb_column type=&#8221;4_4&#8243; _builder_version=&#8221;4.20.2&#8243; _module_preset=&#8221;default&#8221; global_colors_info=&#8221;{}&#8221;][et_pb_text _builder_version=&#8221;4.20.2&#8243; _module_preset=&#8221;default&#8221; text_font=&#8221;Abel|700|||||||&#8221; text_font_size=&#8221;3vw&#8221; text_letter_spacing=&#8221;5px&#8221; header_font=&#8221;Abel||||||||&#8221; text_orientation=&#8221;center&#8221; text_font_size_tablet=&#8221;6vw&#8221; text_font_size_phone=&#8221;9vw&#8221; text_font_size_last_edited=&#8221;on|phone&#8221; global_colors_info=&#8221;{}&#8221;]<\/p>\n<p>\u00d6LJYNEROTUSKAIVOT<\/p>\n<p>[\/et_pb_text][\/et_pb_column][\/et_pb_row][et_pb_row column_structure=&#8221;1_3,1_3,1_3&#8243; _builder_version=&#8221;4.20.2&#8243; _module_preset=&#8221;default&#8221; global_colors_info=&#8221;{}&#8221;][et_pb_column type=&#8221;1_3&#8243; _builder_version=&#8221;4.20.2&#8243; _module_preset=&#8221;default&#8221; global_colors_info=&#8221;{}&#8221;][et_pb_blurb url=&#8221;https:\/\/eccuatank.com\/olieraldaja-eq-bp\/&#8221; image=&#8221;https:\/\/eccuatank.com\/wp-content\/uploads\/2023\/04\/EQ-BP-1.klassi-olieraldaja-moodavooluga-NS10_30.85.jpg&#8221; image_icon_width=&#8221;100%&#8221; _builder_version=&#8221;4.20.2&#8243; _module_preset=&#8221;default&#8221; header_text_align=&#8221;center&#8221; header_font_size=&#8221;2vw&#8221; header_letter_spacing=&#8221;1px&#8221; body_text_align=&#8221;center&#8221; body_font_size=&#8221;2vw&#8221; body_letter_spacing=&#8221;1px&#8221; link_option_url=&#8221;https:\/\/eccuatank.com\/olieraldaja-eq-bp\/&#8221; body_font_size_tablet=&#8221;4vw&#8221; body_font_size_phone=&#8221;6vw&#8221; body_font_size_last_edited=&#8221;on|phone&#8221; border_radii_image=&#8221;on|5px|5px|5px|5px&#8221; global_colors_info=&#8221;{}&#8221;]<\/p>\n<p>EQ BP I LUOKKA<\/p>\n<p>[\/et_pb_blurb][\/et_pb_column][et_pb_column type=&#8221;1_3&#8243; _builder_version=&#8221;4.20.2&#8243; _module_preset=&#8221;default&#8221; global_colors_info=&#8221;{}&#8221;][et_pb_blurb url=&#8221;https:\/\/eccuatank.com\/olieraldaja-ii-kl\/&#8221; image=&#8221;https:\/\/eccuatank.com\/wp-content\/uploads\/2023\/04\/II-klassi-olieraldaja-NS10.25-1.jpg&#8221; image_icon_width=&#8221;100%&#8221; _builder_version=&#8221;4.20.2&#8243; _module_preset=&#8221;default&#8221; header_text_align=&#8221;center&#8221; header_font_size=&#8221;2vw&#8221; header_letter_spacing=&#8221;1px&#8221; body_text_align=&#8221;center&#8221; body_font_size=&#8221;2vw&#8221; body_letter_spacing=&#8221;1px&#8221; link_option_url=&#8221;https:\/\/eccuatank.com\/olieraldaja-ii-kl\/&#8221; body_font_size_tablet=&#8221;4vw&#8221; body_font_size_phone=&#8221;6vw&#8221; body_font_size_last_edited=&#8221;on|phone&#8221; border_radii_image=&#8221;on|5px|5px|5px|5px&#8221; locked=&#8221;off&#8221; global_colors_info=&#8221;{}&#8221;]<\/p>\n<p>II LUOKKA<\/p>\n<p>[\/et_pb_blurb][\/et_pb_column][et_pb_column type=&#8221;1_3&#8243; _builder_version=&#8221;4.20.2&#8243; _module_preset=&#8221;default&#8221; global_colors_info=&#8221;{}&#8221;][et_pb_blurb url=&#8221;https:\/\/eccuatank.com\/olieraldaja-ec-2\/&#8221; image=&#8221;https:\/\/eccuatank.com\/wp-content\/uploads\/2023\/04\/EQ-BP-1.klassi-olieraldaja-moodavooluga-NS10_30.85.jpg&#8221; image_icon_width=&#8221;100%&#8221; _builder_version=&#8221;4.20.2&#8243; _module_preset=&#8221;default&#8221; header_text_align=&#8221;center&#8221; header_font_size=&#8221;2vw&#8221; header_letter_spacing=&#8221;1px&#8221; body_text_align=&#8221;center&#8221; body_font_size=&#8221;2vw&#8221; body_letter_spacing=&#8221;1px&#8221; link_option_url=&#8221;https:\/\/eccuatank.com\/olieraldaja-ec-2\/&#8221; body_font_size_tablet=&#8221;4vw&#8221; body_font_size_phone=&#8221;6vw&#8221; body_font_size_last_edited=&#8221;on|phone&#8221; border_radii_image=&#8221;on|5px|5px|5px|5px&#8221; locked=&#8221;off&#8221; global_colors_info=&#8221;{}&#8221;]<\/p>\n<p>EC<\/p>\n<p>[\/et_pb_blurb][\/et_pb_column][\/et_pb_row][et_pb_row column_structure=&#8221;1_3,1_3,1_3&#8243; _builder_version=&#8221;4.20.2&#8243; _module_preset=&#8221;default&#8221; global_colors_info=&#8221;{}&#8221;][et_pb_column type=&#8221;1_3&#8243; _builder_version=&#8221;4.20.2&#8243; _module_preset=&#8221;default&#8221; global_colors_info=&#8221;{}&#8221;][et_pb_blurb url=&#8221;https:\/\/eccuatank.com\/olieraldaja-eq-sm-i-klliiva-mudaga\/&#8221; image=&#8221;https:\/\/eccuatank.com\/wp-content\/uploads\/2023\/04\/II-klassi-olieraldaja-NS6.96-2.jpg&#8221; image_icon_width=&#8221;100%&#8221; _builder_version=&#8221;4.20.2&#8243; _module_preset=&#8221;default&#8221; header_text_align=&#8221;center&#8221; header_font_size=&#8221;2vw&#8221; header_letter_spacing=&#8221;1px&#8221; body_font=&#8221;||||||||&#8221; body_text_align=&#8221;center&#8221; body_font_size=&#8221;2vw&#8221; body_letter_spacing=&#8221;1px&#8221; link_option_url=&#8221;https:\/\/eccuatank.com\/olieraldaja-eq-sm-i-klliiva-mudaga\/&#8221; hover_enabled=&#8221;0&#8243; body_font_size_tablet=&#8221;4vw&#8221; body_font_size_phone=&#8221;6vw&#8221; body_font_size_last_edited=&#8221;on|desktop&#8221; border_radii_image=&#8221;on|5px|5px|5px|5px&#8221; locked=&#8221;off&#8221; global_colors_info=&#8221;{}&#8221; sticky_enabled=&#8221;0&#8243;]<\/p>\n<p>EQ I LUOKKA<br \/>(hiekan- ja mudanerottimen sis\u00e4lt\u00e4v\u00e4)<\/p>\n<p>[\/et_pb_blurb][\/et_pb_column][et_pb_column type=&#8221;1_3&#8243; _builder_version=&#8221;4.20.2&#8243; _module_preset=&#8221;default&#8221; global_colors_info=&#8221;{}&#8221;][et_pb_blurb url=&#8221;https:\/\/eccuatank.com\/olieraldaja-eq-i-kl-ilma-liiva-muda\/&#8221; image=&#8221;https:\/\/eccuatank.com\/wp-content\/uploads\/2023\/04\/EQ-1.klassi-olieraldaja-NS20.27.jpg&#8221; image_icon_width=&#8221;100%&#8221; _builder_version=&#8221;4.20.2&#8243; _module_preset=&#8221;default&#8221; header_text_align=&#8221;center&#8221; header_font_size=&#8221;2vw&#8221; header_letter_spacing=&#8221;1px&#8221; body_text_align=&#8221;center&#8221; body_font_size=&#8221;2vw&#8221; body_letter_spacing=&#8221;1px&#8221; link_option_url=&#8221;https:\/\/eccuatank.com\/olieraldaja-eq-i-kl-ilma-liiva-muda\/&#8221; body_font_size_tablet=&#8221;4vw&#8221; body_font_size_phone=&#8221;6vw&#8221; body_font_size_last_edited=&#8221;on|phone&#8221; border_radii_image=&#8221;on|5px|5px|5px|5px&#8221; locked=&#8221;off&#8221; global_colors_info=&#8221;{}&#8221;]<\/p>\n<p>EQ BP I LUOKKA<br \/>(ilman hiekan- ja mudanerotinta)<\/p>\n<p>[\/et_pb_blurb][\/et_pb_column][et_pb_column type=&#8221;1_3&#8243; _builder_version=&#8221;4.20.2&#8243; _module_preset=&#8221;default&#8221; global_colors_info=&#8221;{}&#8221;][\/et_pb_column][\/et_pb_row][\/et_pb_section]<\/p>","protected":false},"excerpt":{"rendered":"<p>\u00d5LIERALDAJADEQ BP I KLASSII KLASSECEQ I KLASS(liiva-mudaga)EQ BP I KLASS(ilma liiva-muda)<\/p>","protected":false},"author":2,"featured_media":0,"parent":0,"menu_order":0,"comment_status":"closed","ping_status":"closed","template":"","meta":{"_et_pb_use_builder":"on","_et_pb_old_content":"","_et_gb_content_width":"","_uag_custom_page_level_css":"","footnotes":""},"class_list":["post-1824","page","type-page","status-publish","hentry"],"uagb_featured_image_src":{"full":false,"thumbnail":false,"medium":false,"medium_large":false,"large":false,"1536x1536":false,"2048x2048":false,"trp-custom-language-flag":false,"et-pb-post-main-image":false,"et-pb-post-main-image-fullwidth":false,"et-pb-portfolio-image":false,"et-pb-portfolio-module-image":false,"et-pb-portfolio-image-single":false,"et-pb-gallery-module-image-portrait":false,"et-pb-post-main-image-fullwidth-large":false,"et-pb-image--responsive--desktop":false,"et-pb-image--responsive--tablet":false,"et-pb-image--responsive--phone":false},"uagb_author_info":{"display_name":"Oliver Dalberg","author_link":"https:\/\/eccuatank.com\/fi\/author\/oliver\/"},"uagb_comment_info":0,"uagb_excerpt":"\u00d5LIERALDAJADEQ BP I KLASSII KLASSECEQ I KLASS(liiva-mudaga)EQ BP I KLASS(ilma liiva-muda)","_links":{"self":[{"href":"https:\/\/eccuatank.com\/fi\/wp-json\/wp\/v2\/pages\/1824","targetHints":{"allow":["GET"]}}],"collection":[{"href":"https:\/\/eccuatank.com\/fi\/wp-json\/wp\/v2\/pages"}],"about":[{"href":"https:\/\/eccuatank.com\/fi\/wp-json\/wp\/v2\/types\/page"}],"author":[{"embeddable":true,"href":"https:\/\/eccuatank.com\/fi\/wp-json\/wp\/v2\/users\/2"}],"replies":[{"embeddable":true,"href":"https:\/\/eccuatank.com\/fi\/wp-json\/wp\/v2\/comments?post=1824"}],"version-history":[{"count":80,"href":"https:\/\/eccuatank.com\/fi\/wp-json\/wp\/v2\/pages\/1824\/revisions"}],"predecessor-version":[{"id":2852,"href":"https:\/\/eccuatank.com\/fi\/wp-json\/wp\/v2\/pages\/1824\/revisions\/2852"}],"wp:attachment":[{"href":"https:\/\/eccuatank.com\/fi\/wp-json\/wp\/v2\/media?parent=1824"}],"curies":[{"name":"wp","href":"https:\/\/api.w.org\/{rel}","templated":true}]}}