{"id":2119,"date":"2023-04-07T12:54:16","date_gmt":"2023-04-07T12:54:16","guid":{"rendered":"https:\/\/eccuatank.com\/?page_id=2119"},"modified":"2024-03-26T10:04:54","modified_gmt":"2024-03-26T10:04:54","slug":"olieraldaja-eq-bp","status":"publish","type":"page","link":"https:\/\/eccuatank.com\/swe\/olieraldaja-eq-bp\/","title":{"rendered":"Oljeavskiljare EQ BP"},"content":{"rendered":"<p>[et_pb_section fb_built=&#8221;1&#8243; _builder_version=&#8221;4.20.2&#8243; _module_preset=&#8221;default&#8221; background_color=&#8221;#ECECEB&#8221; global_colors_info=&#8221;{}&#8221;][et_pb_row column_structure=&#8221;1_2,1_2&#8243; _builder_version=&#8221;4.20.2&#8243; _module_preset=&#8221;default&#8221; global_colors_info=&#8221;{}&#8221;][et_pb_column type=&#8221;1_2&#8243; _builder_version=&#8221;4.20.2&#8243; _module_preset=&#8221;default&#8221; global_colors_info=&#8221;{}&#8221;][et_pb_text _builder_version=&#8221;4.20.2&#8243; _module_preset=&#8221;default&#8221; text_font=&#8221;Abel|700|||||||&#8221; text_font_size=&#8221;3vw&#8221; text_letter_spacing=&#8221;5px&#8221; header_font=&#8221;Abel||||||||&#8221; text_font_size_tablet=&#8221;6vw&#8221; text_font_size_phone=&#8221;9vw&#8221; text_font_size_last_edited=&#8221;on|phone&#8221; global_colors_info=&#8221;{}&#8221;]<\/p>\n<p>EQ BP I KLASS<\/p>\n<p>[\/et_pb_text][et_pb_blurb image=&#8221;https:\/\/eccuatank.com\/wp-content\/uploads\/2023\/04\/EQ-BP-1.klassi-olieraldaja-moodavooluga-NS10_30.85.jpg&#8221; _builder_version=&#8221;4.20.2&#8243; _module_preset=&#8221;default&#8221; animation=&#8221;off&#8221; border_radii_image=&#8221;on|5px|5px|5px|5px&#8221; global_colors_info=&#8221;{}&#8221;]<\/p>\n<p><span style=\"font-weight: 400;\">EQ BP klass 1 oljeavskiljare med bypass-system.<\/span><\/p>\n<p><span style=\"font-weight: 400;\">P\u00e5 platser d\u00e4r det d\u00e5 och d\u00e5 kan uppst\u00e5 risk f\u00f6r att genomstr\u00f6mningskapaciteten \u00f6verskrids av dag-\neller sm\u00e4ltvattenfl\u00f6den, m\u00e5ste oljeavskiljningen utrustas med bypass-system. Genom att bypass-\nsystemet l\u00e5ter \u00f6verskottsvattnet passera f\u00f6rbi avskiljarens oljeavskiljningskammare undviks att den\nredan avskilda oljan hamnar i dagvattensystemet. <\/span><\/p>\n<p><span><\/span><\/p>\n<p><span>Att v\u00e4lja sand- och slamavskiljare i r\u00e4tt storlek:<br \/>Sand- och slamavskiljare m\u00e5ste alltid projekteras f\u00f6r placering f\u00f6re oljeavskiljaren f\u00f6r att undvika att\nnederb\u00f6rdsvattnet hamnar direkt i oljeavskiljaren.<br \/>Sandavskiljare kan sitta i samma h\u00f6lje som oljeavskiljaren eller vara ett frist\u00e5ende system.\nSandavskiljarens storlek best\u00e4ms med hj\u00e4lp av tabellen nedan.<\/span><\/p>\n<p>[\/et_pb_blurb][et_pb_text content_tablet=&#8221;<\/p>\n<p><span>ATT V\u00c4LJA EN SAND- OCH SLAMAVSKILJARE I R\u00c4TT STORLEK:<\/span><\/p>\n<p>&#8221; content_phone=&#8221;<\/p>\n<p><span>ATT V\u00c4LJA EN SAND- OCH<br \/><\/span><span> SLAMAVSKILJARE I R\u00c4TT STORLEK:<\/span><\/p>\n<p>&#8221; content_last_edited=&#8221;on|phone&#8221; _builder_version=&#8221;4.20.2&#8243; _module_preset=&#8221;default&#8221; text_font=&#8221;Abel|700|||||||&#8221; text_font_size=&#8221;1.5vw&#8221; text_letter_spacing=&#8221;2px&#8221; header_font=&#8221;Abel||||||||&#8221; text_orientation=&#8221;center&#8221; text_font_size_tablet=&#8221;3vw&#8221; text_font_size_phone=&#8221;4.5vw&#8221; text_font_size_last_edited=&#8221;on|phone&#8221; text_orientation_tablet=&#8221;left&#8221; text_orientation_phone=&#8221;center&#8221; text_orientation_last_edited=&#8221;on|tablet&#8221; global_colors_info=&#8221;{}&#8221;]<\/p>\n<p><span>ATT V\u00c4LJA EN SAND- OCH<br \/>SLAMAVSKILJARE I R\u00c4TT STORLEK:<\/span><\/p>\n<p>[\/et_pb_text][et_pb_tabs active_tab_background_color=&#8221;#747C79&#8243; _builder_version=&#8221;4.20.2&#8243; _module_preset=&#8221;default&#8221; custom_margin=&#8221;|-3px||||&#8221; border_radii=&#8221;on|5px|5px|5px|5px&#8221; global_colors_info=&#8221;{}&#8221;][et_pb_tab title=&#8221;V\u00c4IKE&#8221; _builder_version=&#8221;4.20.2&#8243; _module_preset=&#8221;default&#8221; global_colors_info=&#8221;{}&#8221;]<\/p>\n<ul>\n<li>processvatten med liten m\u00e4ngd sand<\/li>\n<li>alla omr\u00e5den f\u00f6r upptagning av dagvatten d\u00e4r liten f\u00f6rekomst av sand och slam har\nkonstaterats, s\u00e5som bensinstationer eller bensinstationer med tak.<\/li>\n<\/ul>\n<p>100 x NS<\/p>\n<p>[\/et_pb_tab][et_pb_tab title=&#8221;KESKMINE&#8221; _builder_version=&#8221;4.20.2&#8243; _module_preset=&#8221;default&#8221; global_colors_info=&#8221;{}&#8221;]<\/p>\n<ul>\n<li>bensinstationer, manuella biltv\u00e4ttar, begr\u00e4nsad tv\u00e4tt<\/li>\n<li>busstv\u00e4tter<\/li>\n<li>avloppsvatten fr\u00e5n garage och parkeringsplatser<\/li>\n<li>kraftverk, industrier<\/li>\n<\/ul>\n<p>200 x NS<\/p>\n<p>[\/et_pb_tab][et_pb_tab title=&#8221;SUUR&#8221; _builder_version=&#8221;4.20.2&#8243; _module_preset=&#8221;default&#8221; global_colors_info=&#8221;{}&#8221;]<\/p>\n<ul>\n<li>omr\u00e5den f\u00f6r tv\u00e4tt av anl\u00e4ggningsmaskiner, byggmaskiner, jordbruksmaskiner<\/li>\n<li>lastbilstv\u00e4ttar<\/li>\n<li>automatiska biltv\u00e4ttar, dvs. portaltv\u00e4ttar eller tv\u00e4ttgator<\/li>\n<\/ul>\n<p>300 x NS<\/p>\n<p>[\/et_pb_tab][\/et_pb_tabs][et_pb_button button_url=&#8221;https:\/\/eccuatank.com\/contact\/&#8221; button_text=&#8221;K\u00fcsi pakkumist!&#8221; button_alignment=&#8221;center&#8221; _builder_version=&#8221;4.20.2&#8243; _module_preset=&#8221;default&#8221; custom_button=&#8221;on&#8221; button_text_size=&#8221;1.5vw&#8221; button_text_color=&#8221;#254D3D&#8221; button_bg_color=&#8221;RGBA(255,255,255,0)&#8221; button_border_width=&#8221;2px&#8221; button_border_radius=&#8221;5px&#8221; button_letter_spacing=&#8221;0px&#8221; button_font=&#8221;|||on|||||&#8221; button_icon=&#8221;&#xe010;||divi||400&#8243; button_text_size_tablet=&#8221;2.5vw&#8221; button_text_size_phone=&#8221;3.5vw&#8221; button_text_size_last_edited=&#8221;on|desktop&#8221; locked=&#8221;off&#8221; global_colors_info=&#8221;{}&#8221;][\/et_pb_button][\/et_pb_column][et_pb_column type=&#8221;1_2&#8243; _builder_version=&#8221;4.20.2&#8243; _module_preset=&#8221;default&#8221; global_colors_info=&#8221;{}&#8221;][et_pb_text _builder_version=&#8221;4.20.2&#8243; _module_preset=&#8221;default&#8221; text_font=&#8221;Abel|700|||||||&#8221; text_font_size=&#8221;1.5vw&#8221; text_letter_spacing=&#8221;2px&#8221; header_font=&#8221;Abel||||||||&#8221; text_font_size_tablet=&#8221;3vw&#8221; text_font_size_phone=&#8221;4.5vw&#8221; text_font_size_last_edited=&#8221;on|phone&#8221; global_colors_info=&#8221;{}&#8221;]<\/p>\n<p>KALKYLATOR F\u00d6R VAL AV OLJEAVSKILJARE:<\/p>\n<p>[\/et_pb_text][et_pb_blurb image=&#8221;https:\/\/eccuatank.com\/wp-content\/uploads\/2023\/04\/PIA_Logo.webp&#8221; icon_placement=&#8221;left&#8221; _builder_version=&#8221;4.20.2&#8243; _module_preset=&#8221;default&#8221; animation=&#8221;off&#8221; link_option_url=&#8221;https:\/\/eccuatank.com\/wp-content\/uploads\/2023\/04\/PIA-oilseparators-2023.pdf&#8221; global_colors_info=&#8221;{}&#8221;]<\/p>\n<p><a href=\"https:\/\/eccuatank.com\/wp-content\/uploads\/2023\/04\/PIA-oilseparators-2023.pdf\">Certifikat<\/a><\/p>\n<p>[\/et_pb_blurb][et_pb_code _builder_version=&#8221;4.20.2&#8243; _module_preset=&#8221;default&#8221; global_colors_info=&#8221;{}&#8221;]<html>\r\n\t<form action=\"\">\r\n\t\t<div id=\"calculator_oli\">\r\n\t\t\t<div>\r\n\t\t\t\t<label for=\"coeficent\">Bel\u00e4ggning<\/label>\r\n\t\t\t\t<select id=\"coeficent\">\r\n\t\t\t\t\t<option value=\"asfalt_betoon\">Asfalt v\u00f5i Betoon<\/option>\r\n\t\t\t\t\t<option value=\"liiv\">Liiv<\/option>\r\n\t\t\t\t<\/select>\r\n\t\t\t<\/div>\r\n\t\t\t<div>\r\n\t\t\t\t<label for=\"rainfall\">Dagvattenfl\u00f6de<\/label>\r\n\t\t\t\t<input id=\"rainfall\" type=\"text\">\r\n\t\t\t<\/div>\r\n\t\t\t<div>\r\n\t\t\t\t<label for=\"area\">Yta<\/label>\r\n\t\t\t\t<input id=\"area\" type=\"text\">\r\n\t\t\t<\/div>\r\n\t\t\t<div>\r\n\t\t\t\t<label for=\"power\">Ber\u00e4kningsresultat (NS)<\/label>\r\n\t\t\t\t<input id=\"power\" type=\"number\" disabled>\r\n\t\t\t<\/div>\r\n\t\t<\/div>\r\n\t<input type=\"hidden\" name=\"trp-form-language\" value=\"swe\"\/><\/form>\r\n<\/html>[\/et_pb_code][et_pb_text _builder_version=&#8221;4.20.2&#8243; _module_preset=&#8221;default&#8221; custom_margin=&#8221;-225px|||200px|false|false&#8221; custom_margin_tablet=&#8221;-200px||50px|200px|false|false&#8221; custom_margin_phone=&#8221;0px||30px|0px|false|false&#8221; custom_margin_last_edited=&#8221;on|phone&#8221; custom_padding=&#8221;||||false|false&#8221; global_colors_info=&#8221;{}&#8221;]<\/p>\n<p><strong>Dagvattenfl\u00f6de l\/(s*ha)<\/strong>, som motsvarar de faktiska f\u00f6rh\u00e5llandena p\u00e5 platsen. Om uppgifter saknas\nanv\u00e4nd 80 l\/(s*ha) (Estland).<br \/><strong>Yta (ha)<\/strong>varifr\u00e5n vatten rinner till avskiljaren<\/p>\n<p><strong>Ber\u00e4kningsresultat (NS)<\/strong>, avrunda till st\u00f6rsta n\u00e4rmaste nummer. F\u00f6r till exempel ber\u00e4kningsresultat\nd\u00e4r NS=8,8 passar EQ BP klass 1 oljeavskiljare NS10\/30 Taavis<\/p>\n<p>[\/et_pb_text][et_pb_text _builder_version=&#8221;4.20.2&#8243; _module_preset=&#8221;default&#8221; text_font=&#8221;Abel|700|||||||&#8221; text_font_size=&#8221;1.5vw&#8221; text_letter_spacing=&#8221;2px&#8221; header_font=&#8221;Abel||||||||&#8221; text_font_size_tablet=&#8221;3vw&#8221; text_font_size_phone=&#8221;4.5vw&#8221; text_font_size_last_edited=&#8221;on|phone&#8221; global_colors_info=&#8221;{}&#8221;]<\/p>\n<p><span>RITNINGAR:<\/span><\/p>\n<p>[\/et_pb_text][et_pb_toggle title=&#8221;JUHENDID&#8221; _builder_version=&#8221;4.20.2&#8243; _module_preset=&#8221;default&#8221; border_radii=&#8221;on|5px|5px|5px|5px&#8221; global_colors_info=&#8221;{}&#8221;]<\/p>\n<p><a href=\"https:\/\/eccuatank.com\/wp-content\/uploads\/2023\/07\/EQ-olieraldaja-hooldus-ja-kasutusjuhend.pdf\">Paigaldusjuhend<\/a><\/p>\n<p>[\/et_pb_toggle][et_pb_accordion _builder_version=&#8221;4.20.2&#8243; _module_preset=&#8221;default&#8221; closed_toggle_font=&#8221;||||||||&#8221; custom_margin=&#8221;||||false|false&#8221; custom_padding=&#8221;||||false|false&#8221; hover_enabled=&#8221;0&#8243; global_colors_info=&#8221;{}&#8221; sticky_enabled=&#8221;0&#8243;][et_pb_accordion_item title=&#8221;EQ BP 1.klassi \u00f5lieraldaja m\u00f6\u00f6davooluga NS6\/18&#8243; open=&#8221;on&#8221; _builder_version=&#8221;4.20.2&#8243; _module_preset=&#8221;default&#8221; hover_enabled=&#8221;0&#8243; global_colors_info=&#8221;{}&#8221; sticky_enabled=&#8221;0&#8243;]<\/p>\n<p>Filer f\u00f6r nedladdning:<\/p>\n<table border=\"0\" style=\"height: 24px; width: 100%; border-collapse: collapse; border-style: dotted;\">\n<tbody>\n<tr style=\"height: 24px;\">\n<td style=\"width: 33.3333%; height: 24px;\"><a href=\"https:\/\/eccuatank.com\/wp-content\/uploads\/2023\/10\/EQ-1.class-oil-separator-NS6-Ester-without-sand_eng.dwg\">DWG<\/a><\/td>\n<td style=\"width: 33.3333%; height: 24px;\"><a href=\"https:\/\/eccuatank.com\/wp-content\/uploads\/2023\/04\/EQ-BP-1.klassi-olieraldaja-moodavooluga-NS6_18.stp\" download=\"\">STP<\/a><\/td>\n<td style=\"width: 33.3333%; height: 24px;\">order fr\u00e5n\/pdf<\/td>\n<\/tr>\n<\/tbody>\n<\/table>\n<p>[\/et_pb_accordion_item][et_pb_accordion_item title=&#8221;EQ BP 1.klassi \u00f5lieraldaja NS10\/30 Taavis&#8221; open_toggle_background_color=&#8221;RGBA(255,255,255,0)&#8221; closed_toggle_background_color=&#8221;RGBA(255,255,255,0)&#8221; icon_color=&#8221;#333333&#8243; toggle_icon=&#8221;&#xe050;||divi||400&#8243; _builder_version=&#8221;4.20.2&#8243; _module_preset=&#8221;default&#8221; background_color=&#8221;RGBA(255,255,255,0)&#8221; background_enable_color=&#8221;on&#8221; hover_enabled=&#8221;0&#8243; border_radii=&#8221;on|0px|0px|0px|0px&#8221; border_width_all=&#8221;0px&#8221; border_width_bottom=&#8221;1px&#8221; global_colors_info=&#8221;{}&#8221; open=&#8221;off&#8221; sticky_enabled=&#8221;0&#8243;]<\/p>\n<p>Filer f\u00f6r nedladdning:<\/p>\n<table border=\"1\" style=\"width: 100%; border-collapse: collapse; border-style: solid;\">\n<tbody>\n<tr>\n<td style=\"width: 33.3333%;\"><a href=\"https:\/\/eccuatank.com\/wp-content\/uploads\/2023\/10\/EQ-BP-1.class-oil-separator-NS10_30_eng.dwg\" target=\"_blank\" rel=\"noopener\">DWG<\/a><\/td>\n<td style=\"width: 33.3333%;\"><a href=\"https:\/\/eccuatank.com\/wp-content\/uploads\/2023\/04\/EQ-BP-1.klassi-olieraldaja-NS10_30-Taavis.stp\" download=\"\">STP<\/a><\/td>\n<td style=\"width: 33.3333%;\"><a href=\"https:\/\/eccua.ee\/wp-content\/uploads\/2024\/03\/Olieraldaja-EQ-BP-NS10-30-tellimisleht.pdf\">order fr\u00e5n\/pdf<\/a><\/td>\n<\/tr>\n<\/tbody>\n<\/table>\n<p>[\/et_pb_accordion_item][et_pb_accordion_item title=&#8221;EQ BP 1.klassi \u00f5lieraldaja NS15\/45&#8243; open_toggle_background_color=&#8221;RGBA(255,255,255,0)&#8221; closed_toggle_background_color=&#8221;RGBA(255,255,255,0)&#8221; icon_color=&#8221;#333333&#8243; _builder_version=&#8221;4.20.2&#8243; _module_preset=&#8221;default&#8221; background_color=&#8221;RGBA(255,255,255,0)&#8221; background_enable_color=&#8221;on&#8221; hover_enabled=&#8221;0&#8243; border_radii=&#8221;on|0px|0px|0px|0px&#8221; border_width_all=&#8221;0px&#8221; border_width_bottom=&#8221;1px&#8221; global_colors_info=&#8221;{}&#8221; open=&#8221;off&#8221; sticky_enabled=&#8221;0&#8243;]<\/p>\n<p>Filer f\u00f6r nedladdning:<\/p>\n<table border=\"1\" style=\"width: 100%; border-collapse: collapse; border-style: solid;\">\n<tbody>\n<tr>\n<td style=\"width: 33.3333%;\"><a href=\"https:\/\/eccuatank.com\/wp-content\/uploads\/2023\/10\/EQ-BP-1.class-oil-separator-NS15_45.dwg\" target=\"_blank\" rel=\"noopener\">DWG<\/a><\/td>\n<td style=\"width: 33.3333%;\"><a href=\"https:\/\/eccuatank.com\/wp-content\/uploads\/2023\/04\/EQ-BP-1.klassi-olieraldaja-NS15_45.stp\" download=\"\">STP<\/a><\/td>\n<td style=\"width: 33.3333%;\"><a href=\"https:\/\/eccua.ee\/wp-content\/uploads\/2024\/03\/Olieraldaja-EQ-BP-NS15-45-tellimisleht.pdf\">order fr\u00e5n\/pdf<\/a><\/td>\n<\/tr>\n<\/tbody>\n<\/table>\n<p>[\/et_pb_accordion_item][et_pb_accordion_item title=&#8221;EQ BP 1.klassi \u00f5lieraldaja NS20\/60&#8243; open_toggle_background_color=&#8221;RGBA(255,255,255,0)&#8221; closed_toggle_background_color=&#8221;RGBA(255,255,255,0)&#8221; icon_color=&#8221;#333333&#8243; _builder_version=&#8221;4.20.2&#8243; _module_preset=&#8221;default&#8221; background_color=&#8221;RGBA(255,255,255,0)&#8221; background_enable_color=&#8221;on&#8221; hover_enabled=&#8221;0&#8243; border_radii=&#8221;on|0px|0px|0px|0px&#8221; border_width_all=&#8221;0px&#8221; border_width_bottom=&#8221;1px&#8221; global_colors_info=&#8221;{}&#8221; open=&#8221;off&#8221; sticky_enabled=&#8221;0&#8243;]<\/p>\n<p style=\"text-align: left;\">Filer f\u00f6r nedladdning:<\/p>\n<table border=\"1\" style=\"width: 100%; border-collapse: collapse; border-style: solid; height: 24px;\">\n<tbody>\n<tr style=\"height: 24px;\">\n<td style=\"width: 33.3333%; height: 24px;\"><a href=\"https:\/\/eccuatank.com\/wp-content\/uploads\/2023\/10\/EQ-BP-1.class-oil-separator-NS20_60_eng.dwg\" target=\"_blank\" rel=\"noopener\">DWG<\/a><\/td>\n<td style=\"width: 33.3333%; height: 24px;\"><a href=\"https:\/\/eccuatank.com\/wp-content\/uploads\/2023\/04\/EQ-BP-1.klassi-olieraldaja-NS20_60.stp\" download=\"\">STP<\/a><\/td>\n<td style=\"width: 33.3333%; height: 24px;\"><a href=\"https:\/\/eccua.ee\/wp-content\/uploads\/2024\/03\/Olieraldaja-EQ-BP-NS20-60-tellimisleht.pdf\">order fr\u00e5n\/pdf<\/a><\/td>\n<\/tr>\n<\/tbody>\n<\/table>\n<p>[\/et_pb_accordion_item][et_pb_accordion_item title=&#8221;EQ BP 1.klassi \u00f5lieraldaja NS30\/90&#8243; open_toggle_background_color=&#8221;RGBA(255,255,255,0)&#8221; closed_toggle_background_color=&#8221;RGBA(255,255,255,0)&#8221; icon_color=&#8221;#333333&#8243; _builder_version=&#8221;4.20.2&#8243; _module_preset=&#8221;default&#8221; background_color=&#8221;RGBA(255,255,255,0)&#8221; background_enable_color=&#8221;on&#8221; hover_enabled=&#8221;0&#8243; border_radii=&#8221;on|0px|0px|0px|0px&#8221; border_width_all=&#8221;0px&#8221; border_width_bottom=&#8221;1px&#8221; global_colors_info=&#8221;{}&#8221; open=&#8221;off&#8221; sticky_enabled=&#8221;0&#8243;]<\/p>\n<p>Filer f\u00f6r nedladdning:<\/p>\n<table border=\"1\" style=\"width: 100%; border-collapse: collapse; border-style: solid;\">\n<tbody>\n<tr>\n<td style=\"width: 33.3333%;\"><a href=\"https:\/\/eccuatank.com\/wp-content\/uploads\/2023\/10\/Sand-mud-separator-4m3_eng.dwg\" target=\"_blank\" rel=\"noopener\">DWG<\/a><\/td>\n<td style=\"width: 112.297701%;\"><a href=\"https:\/\/eccuatank.com\/wp-content\/uploads\/2023\/04\/EQ-BP-1.klassi-olieraldaja-NS30_90.stp\" download=\"\">STP<\/a><\/td>\n<td style=\"width: 3.236246%;\"><a href=\"https:\/\/eccua.ee\/wp-content\/uploads\/2024\/03\/Olieraldaja-EQ-BP-NS30-90-tellimisleht.pdf\">order fr\u00e5n\/pdf<\/a><\/td>\n<\/tr>\n<\/tbody>\n<\/table>\n<p>[\/et_pb_accordion_item][et_pb_accordion_item title=&#8221;EQ BP 1.klassi \u00f5lieraldaja NS40\/120&#8243; open_toggle_background_color=&#8221;RGBA(255,255,255,0)&#8221; closed_toggle_background_color=&#8221;RGBA(255,255,255,0)&#8221; icon_color=&#8221;#333333&#8243; _builder_version=&#8221;4.20.2&#8243; _module_preset=&#8221;default&#8221; background_color=&#8221;RGBA(255,255,255,0)&#8221; background_enable_color=&#8221;on&#8221; hover_enabled=&#8221;0&#8243; border_radii=&#8221;on|0px|0px|0px|0px&#8221; border_width_all=&#8221;0px&#8221; border_width_bottom=&#8221;1px&#8221; global_colors_info=&#8221;{}&#8221; open=&#8221;off&#8221; sticky_enabled=&#8221;0&#8243;]<\/p>\n<p>Filer f\u00f6r nedladdning:<\/p>\n<table border=\"1\" style=\"width: 100%; border-collapse: collapse; border-style: solid;\">\n<tbody>\n<tr>\n<td style=\"width: 33.3333%;\"><a href=\"https:\/\/eccuatank.com\/wp-content\/uploads\/2023\/10\/EQ-BP-1.class-oil-separator-NS40_120_eng.dwg\" target=\"_blank\" rel=\"noopener\">DWG<\/a><\/td>\n<td style=\"width: 69.579255%;\"><a href=\"https:\/\/eccuatank.com\/wp-content\/uploads\/2023\/04\/EQ-BP-1.klassi-olieraldaja-NS40_120.stp\" download=\"\">STP<\/a><\/td>\n<td style=\"width: 3.236246%;\"><a href=\"https:\/\/eccua.ee\/wp-content\/uploads\/2024\/03\/Olieraldaja-EQ-BP-NS40-120-tellimisleht.pdf\">order fr\u00e5n\/pdf<\/a><\/td>\n<\/tr>\n<\/tbody>\n<\/table>\n<p>[\/et_pb_accordion_item][et_pb_accordion_item title=&#8221;EQ BP 1.klassi \u00f5lieraldaja NS50\/150&#8243; open_toggle_background_color=&#8221;RGBA(255,255,255,0)&#8221; closed_toggle_background_color=&#8221;RGBA(255,255,255,0)&#8221; icon_color=&#8221;#333333&#8243; _builder_version=&#8221;4.20.2&#8243; _module_preset=&#8221;default&#8221; background_color=&#8221;RGBA(255,255,255,0)&#8221; background_enable_color=&#8221;on&#8221; border_radii=&#8221;on|0px|0px|0px|0px&#8221; border_width_all=&#8221;0px&#8221; border_width_bottom=&#8221;1px&#8221; global_colors_info=&#8221;{}&#8221; open=&#8221;off&#8221;]<\/p>\n<p>Filer f\u00f6r nedladdning:<\/p>\n<table border=\"1\" style=\"width: 100%; border-collapse: collapse; border-style: solid;\">\n<tbody>\n<tr>\n<td style=\"width: 33.3333%;\"><a href=\"https:\/\/eccuatank.com\/wp-content\/uploads\/2023\/10\/EQ-BP-1.class-oil-separator-NS50_150_eng.dwg\" target=\"_blank\" rel=\"noopener\">DWG<\/a><\/td>\n<td style=\"width: 33.3333%;\"><a href=\"https:\/\/eccuatank.com\/wp-content\/uploads\/2023\/04\/EQ-BP-1.klassi-olieraldaja-NS50_150.stp\" download=\"\">STP<\/a><\/td>\n<td style=\"width: 33.3333%;\"><a href=\"https:\/\/eccuatank.com\/wp-content\/uploads\/2023\/10\/Oilseparator-EQ-BP-NS50-150-orderform.pdf\">order fr\u00e5n\/pdf<\/a><\/td>\n<\/tr>\n<\/tbody>\n<\/table>\n<p>[\/et_pb_accordion_item][et_pb_accordion_item title=&#8221;EQ BP 1.klassi \u00f5lieraldaja NS65\/195&#8243; open_toggle_background_color=&#8221;RGBA(255,255,255,0)&#8221; closed_toggle_background_color=&#8221;RGBA(255,255,255,0)&#8221; icon_color=&#8221;#333333&#8243; _builder_version=&#8221;4.20.2&#8243; _module_preset=&#8221;default&#8221; background_color=&#8221;RGBA(255,255,255,0)&#8221; background_enable_color=&#8221;on&#8221; border_radii=&#8221;on|0px|0px|0px|0px&#8221; border_width_all=&#8221;0px&#8221; border_width_bottom=&#8221;1px&#8221; global_colors_info=&#8221;{}&#8221; open=&#8221;off&#8221;]Failid allalaadimiseks:<\/p>\n<table border=\"1\" style=\"width: 100%; border-collapse: collapse; border-style: solid;\">\n<tbody>\n<tr>\n<td style=\"width: 33.3333%;\"><a href=\"https:\/\/eccuatank.com\/wp-content\/uploads\/2023\/10\/EQ-BP-1.class-oil-separator-NS65_195.dwg\" target=\"_blank\" rel=\"noopener\">DWG<\/a><\/td>\n<td style=\"width: 33.3333%;\"><a href=\"https:\/\/eccuatank.com\/wp-content\/uploads\/2023\/04\/EQ-BP-1.klassi-olieraldaja-NS65_195.stp\" download>STP<\/a><\/td>\n<td style=\"width: 33.3333%;\"><a href=\"https:\/\/eccuatank.com\/wp-content\/uploads\/2023\/10\/Oilseparator-EQ-BP-NS65-195-orderform.pdf\">order fr\u00e5n\/pdf<\/a><\/td>\n<\/tr>\n<\/tbody>\n<\/table>\n<p>[\/et_pb_accordion_item][et_pb_accordion_item title=&#8221;EQ BP 1.klassi \u00f5lieraldaja NS80\/240&#8243; open_toggle_background_color=&#8221;RGBA(255,255,255,0)&#8221; closed_toggle_background_color=&#8221;RGBA(255,255,255,0)&#8221; icon_color=&#8221;#333333&#8243; _builder_version=&#8221;4.20.2&#8243; _module_preset=&#8221;default&#8221; background_color=&#8221;RGBA(255,255,255,0)&#8221; background_enable_color=&#8221;on&#8221; border_radii=&#8221;on|0px|0px|0px|0px&#8221; border_width_all=&#8221;0px&#8221; border_width_bottom=&#8221;1px&#8221; global_colors_info=&#8221;{}&#8221; open=&#8221;off&#8221;]Failid allalaadimiseks:<\/p>\n<table border=\"1\" style=\"width: 100%; border-collapse: collapse; border-style: solid;\">\n<tbody>\n<tr>\n<td style=\"width: 33.3333%;\"><a href=\"https:\/\/eccuatank.com\/wp-content\/uploads\/2023\/10\/EQ-BP-1.class-oil-separator-NS80_240.dwg\" target=\"_blank\" rel=\"noopener\">DWG<\/a><\/td>\n<td style=\"width: 33.3333%;\"><a href=\"https:\/\/eccuatank.com\/wp-content\/uploads\/2023\/04\/EQ-BP-1.klassi-olieraldaja-NS80_240.stp\" download>STP<\/a><\/td>\n<td style=\"width: 33.3333%;\"><a href=\"https:\/\/eccuatank.com\/wp-content\/uploads\/2023\/10\/Oilseparator-EQ-BP-NS80-240-orderform.pdf\">order fr\u00e5n\/pdf<\/a><\/td>\n<\/tr>\n<\/tbody>\n<\/table>\n<p>[\/et_pb_accordion_item][et_pb_accordion_item title=&#8221;EQ BP 1.klassi \u00f5lieraldaja NS100\/300&#8243; open_toggle_background_color=&#8221;RGBA(255,255,255,0)&#8221; closed_toggle_background_color=&#8221;RGBA(255,255,255,0)&#8221; icon_color=&#8221;#333333&#8243; _builder_version=&#8221;4.20.2&#8243; _module_preset=&#8221;default&#8221; background_color=&#8221;RGBA(255,255,255,0)&#8221; background_enable_color=&#8221;on&#8221; border_radii=&#8221;on|0px|0px|0px|0px&#8221; border_width_all=&#8221;0px&#8221; border_width_bottom=&#8221;1px&#8221; global_colors_info=&#8221;{}&#8221; open=&#8221;off&#8221;]Failid allalaadimiseks:<\/p>\n<table border=\"1\" style=\"width: 100%; border-collapse: collapse; border-style: solid;\">\n<tbody>\n<tr>\n<td style=\"width: 33.3333%;\"><a href=\"https:\/\/eccuatank.com\/wp-content\/uploads\/2023\/10\/EQ-BP-1.class-oil-separator-NS100_300_eng.dwg\" target=\"_blank\" rel=\"noopener\">DWG<\/a><\/td>\n<td style=\"width: 33.3333%;\"><a href=\"https:\/\/eccuatank.com\/wp-content\/uploads\/2023\/04\/EQ-BP-1.klassi-olieraldaja-NS100_300.stp\" download>STP<\/a><\/td>\n<td style=\"width: 33.3333%;\"><a href=\"https:\/\/eccuatank.com\/wp-content\/uploads\/2023\/10\/Oilseparator-EQ-BP-NS100-300-orderform.pdf\">order fr\u00e5n\/pdf<\/a><\/td>\n<\/tr>\n<\/tbody>\n<\/table>\n<p>[\/et_pb_accordion_item][\/et_pb_accordion][\/et_pb_column][\/et_pb_row][\/et_pb_section]<\/p>","protected":false},"excerpt":{"rendered":"<p>EQ BP I KLASSEQ BP m\u00f6\u00f6davoolus\u00fcsteemiga I-klassi \u00f5lieraldaja. Kohtades, kus v\u00f5ib aeg-ajalt tekkida oht l\u00e4bilaskev\u00f5imet \u00fcletavate sademete- ja sulamisvete tulv, tuleb \u00f5lieralduss\u00fcsteem varustada m\u00f6\u00f6davooluga. M\u00f6\u00f6davool laseb liigse tulvavee eraldaja \u00f5lieralduskambrist m\u00f6\u00f6da, millega v\u00e4lditakse juba kogutud \u00f5li sadevees\u00fcsteemi edasip\u00e4\u00e4semine. Liiva ja muda eraldaja suuruse m\u00e4\u00e4ramine ja valik:Liiva ja mudaeraldaja peab olema projekteeritud alati enne \u00f5lieraldajat, et [&hellip;]<\/p>","protected":false},"author":3,"featured_media":0,"parent":0,"menu_order":0,"comment_status":"closed","ping_status":"closed","template":"","meta":{"_et_pb_use_builder":"on","_et_pb_old_content":"","_et_gb_content_width":"","_uag_custom_page_level_css":"","footnotes":""},"class_list":["post-2119","page","type-page","status-publish","hentry"],"uagb_featured_image_src":{"full":false,"thumbnail":false,"medium":false,"medium_large":false,"large":false,"1536x1536":false,"2048x2048":false,"trp-custom-language-flag":false,"et-pb-post-main-image":false,"et-pb-post-main-image-fullwidth":false,"et-pb-portfolio-image":false,"et-pb-portfolio-module-image":false,"et-pb-portfolio-image-single":false,"et-pb-gallery-module-image-portrait":false,"et-pb-post-main-image-fullwidth-large":false,"et-pb-image--responsive--desktop":false,"et-pb-image--responsive--tablet":false,"et-pb-image--responsive--phone":false},"uagb_author_info":{"display_name":"Kadri-Ly Miil","author_link":"https:\/\/eccuatank.com\/swe\/author\/kadri-ly\/"},"uagb_comment_info":0,"uagb_excerpt":"EQ BP I KLASSEQ BP m\u00f6\u00f6davoolus\u00fcsteemiga I-klassi \u00f5lieraldaja. Kohtades, kus v\u00f5ib aeg-ajalt tekkida oht l\u00e4bilaskev\u00f5imet \u00fcletavate sademete- ja sulamisvete tulv, tuleb \u00f5lieralduss\u00fcsteem varustada m\u00f6\u00f6davooluga. M\u00f6\u00f6davool laseb liigse tulvavee eraldaja \u00f5lieralduskambrist m\u00f6\u00f6da, millega v\u00e4lditakse juba kogutud \u00f5li sadevees\u00fcsteemi edasip\u00e4\u00e4semine. Liiva ja muda eraldaja suuruse m\u00e4\u00e4ramine ja valik:Liiva ja mudaeraldaja peab olema projekteeritud alati enne \u00f5lieraldajat, et&hellip;","_links":{"self":[{"href":"https:\/\/eccuatank.com\/swe\/wp-json\/wp\/v2\/pages\/2119","targetHints":{"allow":["GET"]}}],"collection":[{"href":"https:\/\/eccuatank.com\/swe\/wp-json\/wp\/v2\/pages"}],"about":[{"href":"https:\/\/eccuatank.com\/swe\/wp-json\/wp\/v2\/types\/page"}],"author":[{"embeddable":true,"href":"https:\/\/eccuatank.com\/swe\/wp-json\/wp\/v2\/users\/3"}],"replies":[{"embeddable":true,"href":"https:\/\/eccuatank.com\/swe\/wp-json\/wp\/v2\/comments?post=2119"}],"version-history":[{"count":64,"href":"https:\/\/eccuatank.com\/swe\/wp-json\/wp\/v2\/pages\/2119\/revisions"}],"predecessor-version":[{"id":3387,"href":"https:\/\/eccuatank.com\/swe\/wp-json\/wp\/v2\/pages\/2119\/revisions\/3387"}],"wp:attachment":[{"href":"https:\/\/eccuatank.com\/swe\/wp-json\/wp\/v2\/media?parent=2119"}],"curies":[{"name":"wp","href":"https:\/\/api.w.org\/{rel}","templated":true}]}}