{"id":2131,"date":"2023-04-07T12:56:23","date_gmt":"2023-04-07T12:56:23","guid":{"rendered":"https:\/\/eccuatank.com\/?page_id=2131"},"modified":"2024-03-12T10:16:24","modified_gmt":"2024-03-12T10:16:24","slug":"toostuslikud-mahutid","status":"publish","type":"page","link":"https:\/\/eccuatank.com\/swe\/toostuslikud-mahutid\/","title":{"rendered":"T\u00f6\u00f6stuslikud mahutid"},"content":{"rendered":"<p>[et_pb_section fb_built=&#8221;1&#8243; _builder_version=&#8221;4.20.2&#8243; _module_preset=&#8221;default&#8221; background_color=&#8221;#ECECEB&#8221; hover_enabled=&#8221;0&#8243; global_colors_info=&#8221;{}&#8221; sticky_enabled=&#8221;0&#8243;][et_pb_row column_structure=&#8221;1_2,1_2&#8243; _builder_version=&#8221;4.20.2&#8243; _module_preset=&#8221;default&#8221; hover_enabled=&#8221;0&#8243; global_colors_info=&#8221;{}&#8221; sticky_enabled=&#8221;0&#8243;][et_pb_column type=&#8221;1_2&#8243; _builder_version=&#8221;4.20.2&#8243; _module_preset=&#8221;default&#8221; global_colors_info=&#8221;{}&#8221;][et_pb_text _builder_version=&#8221;4.20.2&#8243; _module_preset=&#8221;default&#8221; text_font=&#8221;Abel|700|||||||&#8221; text_font_size=&#8221;3vw&#8221; text_letter_spacing=&#8221;5px&#8221; header_font=&#8221;Abel||||||||&#8221; hover_enabled=&#8221;0&#8243; global_colors_info=&#8221;{}&#8221; content_last_edited=&#8221;on|desktop&#8221; sticky_enabled=&#8221;0&#8243; content_tablet=&#8221;<\/p>\n<p>T\u00d6\u00d6STUSLIKUD<\/p>\n<p>TANKAR<\/p>\n<p>&#8221; content_phone=&#8221;<\/p>\n<p>T\u00d6\u00d6STUSLIKUD<\/p>\n<p>TANKAR<\/p>\n<p>&#8220;]<\/p>\n<p>T\u00d6\u00d6STUSLIKUD<\/p>\n<p>TANKAR<\/p>\n<p>[\/et_pb_text][et_pb_blurb _builder_version=&#8221;4.20.2&#8243; _module_preset=&#8221;default&#8221; animation=&#8221;off&#8221; border_radii_image=&#8221;on|5px|5px|5px|5px&#8221; global_colors_info=&#8221;{}&#8221;]<\/p>\n<h3><b><\/b><\/h3>\n<h3><b><\/b><\/h3>\n<h3><b><\/b><\/h3>\n<h3><b><\/b><\/h3>\n<h3><b>T\u00e4nu paindlikele omadustele leiavad plastmahutid laialdast kasutamist paljudes elu- ja t\u00f6\u00f6stusvaldkondades.<\/b><\/h3>\n<p><span style=\"font-weight: 400;\">Korrosioonikindlus, s\u00e4ilitatava vedeliku p\u00fcsivus, lihtne transport, kiire paigaldus, kerge kaal, v\u00e4hene hooldusvajadus \u2013 need m\u00e4rks\u00f5nad iseloomustavad t\u00e4nap\u00e4evaseid termoplastmahuteid.<\/span><\/p>\n<h3><b>Eccua Pro pakub erineva kuju ja kasutusotstarbega mahuteid:<\/b><\/h3>\n<ul>\n<li style=\"font-weight: 400;\" aria-level=\"1\"><span style=\"font-weight: 400;\">\u00dcmmargusi e silindermahuteid;<\/span><\/li>\n<li style=\"font-weight: 400;\" aria-level=\"1\"><span style=\"font-weight: 400;\">Neljakandilisi mahuteid;<\/span><\/li>\n<li style=\"font-weight: 400;\" aria-level=\"1\"><span style=\"font-weight: 400;\">Vertikaalseid<\/span><\/li>\n<li style=\"font-weight: 400;\" aria-level=\"1\"><span style=\"font-weight: 400;\">Horisontaalseid<\/span><\/li>\n<li style=\"font-weight: 400;\" aria-level=\"1\"><span style=\"font-weight: 400;\">Kemikaalidele k.a. hapetele<\/span><\/li>\n<li style=\"font-weight: 400;\" aria-level=\"1\"><span style=\"font-weight: 400;\">Joogiveele<\/span><\/li>\n<li style=\"font-weight: 400;\" aria-level=\"1\"><span style=\"font-weight: 400;\">Reoveele<\/span><\/li>\n<li style=\"font-weight: 400;\" aria-level=\"1\"><span style=\"font-weight: 400;\">Reaktoreid keemilistele protsessidele<\/span><\/li>\n<li style=\"font-weight: 400;\" aria-level=\"1\"><span style=\"font-weight: 400;\">Protsessimahuteid<\/span><\/li>\n<li style=\"font-weight: 400;\" aria-level=\"1\"><span style=\"font-weight: 400;\">Koonusmahuteid pulbritele ja graanulitele<\/span><\/li>\n<li style=\"font-weight: 400;\" aria-level=\"1\"><span style=\"font-weight: 400;\">Paigaldamiseks nii sise- kui v\u00e4listingimustesse<\/span><\/li>\n<li style=\"font-weight: 400;\" aria-level=\"1\"><span style=\"font-weight: 400;\">Topeltseinaga mahuteid ohtlikele ainetele<\/span><\/li>\n<li style=\"font-weight: 400;\" aria-level=\"1\"><span style=\"font-weight: 400;\">Soojustatud mahuteid k.a. k\u00fcttekaablitega,\u00a0<\/span><\/li>\n<\/ul>\n<p><span style=\"font-weight: 400;\">Mahutite valmistamiseks kasutame vastavalt kasutustingimustele kahe eri tehnoloogiaga mahuteid \u2013 klaasfiibrist ja termoplastikutest.\u00a0<\/span><\/p>\n<p><span style=\"font-weight: 400;\">Klaasfiibrist mahutid valmistatamiseks kasutatakse silindrite valmistamisel kerimismeetodit, erikujuliste detailide valmistamisel klaasfiibri pritsimismeetodit ja teatud juhtudel ka k\u00e4silamineerimist.\u00a0<\/span><\/p>\n<p><span style=\"font-weight: 400;\">Termoplastist mahutid valmistame erinevate paksustega lehtmaterjale, mille protsessimiseks on meil terve rida eriseadmed \u2013 CNC l\u00f5ikurid, lai valik ekstruuderkeevisaparaate, plaatide painutajad, plaatide ja torude p\u00f5kk-keevisseadmed jne.<\/span><\/p>\n<p><span style=\"font-weight: 400;\"><strong>Mahutite valmistamiseks kasutatavad materjalid on:<\/strong> HDPE, PP-H, PVC, PVDF. Pulbrite ja plahvatusohtlike ainete hoiustamiseks pakume antistaatilisi materjale PE ja PP.<\/span><\/p>\n<p><span style=\"font-weight: 400;\">K\u00f5ik Eccua poolt toodetavad mahutid on projekteeritud vastavalt standardile <\/span><span style=\"font-weight: 400;\">DVS2205\/ EN12573<\/span><span style=\"font-weight: 400;\">, mis muuhulgas arvestab ka mahuti kasutustingimusi ning hoiustatava aine- ja \u00fcmbritseva keskkonna pikaajalist m\u00f5ju mahuti konstruktsioonile.<\/span><\/p>\n<p><strong>Lisadena on v\u00f5imalik mahutitele tellida:<\/strong><\/p>\n<ul>\n<li style=\"font-weight: 400;\" aria-level=\"1\"><span style=\"font-weight: 400;\">Erinevatest metallidest ja klaasfiibrist redeleid ja hooldusplatvorme<\/span><\/li>\n<li style=\"font-weight: 400;\" aria-level=\"1\"><span style=\"font-weight: 400;\">Soojustusi klaas- v. kivivillast, pol\u00fcuretaanist, EPS ja lisaks soojustuse katmist erinevate lehtmaterjalidega<\/span><\/li>\n<li style=\"font-weight: 400;\" aria-level=\"1\"><span style=\"font-weight: 400;\">Soojusvaheteid hoiustava vedeliku soojendamiseks v\u00f5i jahutamiseks<\/span><\/li>\n<li style=\"font-weight: 400;\" aria-level=\"1\"><span style=\"font-weight: 400;\">Nivoo j\u00e4lgimise-, kontrolli- ja alarmseadmeid<\/span><\/li>\n<li style=\"font-weight: 400;\" aria-level=\"1\"><span style=\"font-weight: 400;\">Laias valikus erinevaid sulgeseadmeid ja torufitinguid<\/span><\/li>\n<li style=\"font-weight: 400;\" aria-level=\"1\"><span style=\"font-weight: 400;\">Erinevaid pumpasid<\/span><\/li>\n<\/ul>\n<p><span style=\"font-weight: 400;\">Suudame leida alati sobivaima lahenduse mahuti valmistamiseks, mis on parim oma funktsiooni t\u00e4itmiseks.<\/span><\/p>\n<p>&nbsp;<\/p>\n<p>[\/et_pb_blurb][et_pb_button button_url=&#8221;https:\/\/eccuatank.com\/contact\/&#8221; button_text=&#8221;K\u00fcsi pakkumist!&#8221; button_alignment=&#8221;center&#8221; _builder_version=&#8221;4.20.2&#8243; _module_preset=&#8221;default&#8221; custom_button=&#8221;on&#8221; button_text_size=&#8221;1.5vw&#8221; button_text_color=&#8221;#254D3D&#8221; button_bg_color=&#8221;RGBA(255,255,255,0)&#8221; button_border_width=&#8221;2px&#8221; button_border_radius=&#8221;5px&#8221; button_letter_spacing=&#8221;0px&#8221; button_font=&#8221;|||on|||||&#8221; button_icon=&#8221;&#xe010;||divi||400&#8243; button_text_size_tablet=&#8221;2.5vw&#8221; button_text_size_phone=&#8221;3.5vw&#8221; button_text_size_last_edited=&#8221;on|desktop&#8221; locked=&#8221;off&#8221; global_colors_info=&#8221;{}&#8221;][\/et_pb_button][\/et_pb_column][et_pb_column type=&#8221;1_2&#8243; _builder_version=&#8221;4.20.2&#8243; _module_preset=&#8221;default&#8221; global_colors_info=&#8221;{}&#8221;][et_pb_text _builder_version=&#8221;4.20.2&#8243; _module_preset=&#8221;default&#8221; text_font=&#8221;Abel|700||on|||||&#8221; text_font_size=&#8221;1.5vw&#8221; text_letter_spacing=&#8221;2px&#8221; header_font=&#8221;Abel||||||||&#8221; hover_enabled=&#8221;0&#8243; global_colors_info=&#8221;{}&#8221; sticky_enabled=&#8221;0&#8243;]<\/p>\n<p>&nbsp;<\/p>\n<p>FOTOD:<\/p>\n<p><img loading=\"lazy\" decoding=\"async\" src=\"https:\/\/i0.wp.com\/eccuatank.com\/wp-content\/uploads\/2024\/03\/Methanol-tanks.jpeg?resize=225%2C300&#038;ssl=1\" width=\"225\" height=\"300\" alt=\"\" class=\"wp-image-3363 alignnone size-medium\" data-recalc-dims=\"1\" \/><\/p>\n<p><img loading=\"lazy\" decoding=\"async\" src=\"https:\/\/i0.wp.com\/eccuatank.com\/wp-content\/uploads\/2024\/03\/Acid-tank-PE-insulation.jpg?resize=225%2C300&#038;ssl=1\" width=\"225\" height=\"300\" alt=\"\" class=\"wp-image-3365 alignnone size-medium\" data-recalc-dims=\"1\" \/><\/p>\n<p><img loading=\"lazy\" decoding=\"async\" src=\"https:\/\/i0.wp.com\/eccuatank.com\/wp-content\/uploads\/2024\/03\/2018-08-07-11.59.57.jpg?resize=300%2C225&#038;ssl=1\" width=\"300\" height=\"225\" alt=\"\" class=\"wp-image-3364 alignnone size-medium\" data-recalc-dims=\"1\" \/><\/p>\n<p><img loading=\"lazy\" decoding=\"async\" src=\"https:\/\/i0.wp.com\/eccuatank.com\/wp-content\/uploads\/2024\/03\/Watertreatment-tanks1.jpg?resize=300%2C225&#038;ssl=1\" width=\"300\" height=\"225\" alt=\"\" class=\"wp-image-3362 alignnone size-medium\" data-recalc-dims=\"1\" \/><\/p>\n<p>&nbsp;<\/p>\n<p>&nbsp;<\/p>\n<p>[\/et_pb_text][\/et_pb_column][\/et_pb_row][\/et_pb_section]<\/p>","protected":false},"excerpt":{"rendered":"<p>T\u00d6\u00d6STUSLIKUD MAHUTID T\u00e4nu paindlikele omadustele leiavad plastmahutid laialdast kasutamist paljudes elu- ja t\u00f6\u00f6stusvaldkondades. Korrosioonikindlus, s\u00e4ilitatava vedeliku p\u00fcsivus, lihtne transport, kiire paigaldus, kerge kaal, v\u00e4hene hooldusvajadus \u2013 need m\u00e4rks\u00f5nad iseloomustavad t\u00e4nap\u00e4evaseid termoplastmahuteid. Eccua Pro pakub erineva kuju ja kasutusotstarbega mahuteid: \u00dcmmargusi e silindermahuteid; Neljakandilisi mahuteid; Vertikaalseid Horisontaalseid Kemikaalidele k.a. hapetele Joogiveele Reoveele Reaktoreid keemilistele protsessidele Protsessimahuteid [&hellip;]<\/p>","protected":false},"author":3,"featured_media":0,"parent":0,"menu_order":0,"comment_status":"closed","ping_status":"closed","template":"","meta":{"_et_pb_use_builder":"on","_et_pb_old_content":"","_et_gb_content_width":"","_uag_custom_page_level_css":"","footnotes":""},"class_list":["post-2131","page","type-page","status-publish","hentry"],"uagb_featured_image_src":{"full":false,"thumbnail":false,"medium":false,"medium_large":false,"large":false,"1536x1536":false,"2048x2048":false,"trp-custom-language-flag":false,"et-pb-post-main-image":false,"et-pb-post-main-image-fullwidth":false,"et-pb-portfolio-image":false,"et-pb-portfolio-module-image":false,"et-pb-portfolio-image-single":false,"et-pb-gallery-module-image-portrait":false,"et-pb-post-main-image-fullwidth-large":false,"et-pb-image--responsive--desktop":false,"et-pb-image--responsive--tablet":false,"et-pb-image--responsive--phone":false},"uagb_author_info":{"display_name":"Kadri-Ly Miil","author_link":"https:\/\/eccuatank.com\/swe\/author\/kadri-ly\/"},"uagb_comment_info":0,"uagb_excerpt":"T\u00d6\u00d6STUSLIKUD MAHUTID T\u00e4nu paindlikele omadustele leiavad plastmahutid laialdast kasutamist paljudes elu- ja t\u00f6\u00f6stusvaldkondades. Korrosioonikindlus, s\u00e4ilitatava vedeliku p\u00fcsivus, lihtne transport, kiire paigaldus, kerge kaal, v\u00e4hene hooldusvajadus \u2013 need m\u00e4rks\u00f5nad iseloomustavad t\u00e4nap\u00e4evaseid termoplastmahuteid. Eccua Pro pakub erineva kuju ja kasutusotstarbega mahuteid: \u00dcmmargusi e silindermahuteid; Neljakandilisi mahuteid; Vertikaalseid Horisontaalseid Kemikaalidele k.a. hapetele Joogiveele Reoveele Reaktoreid keemilistele protsessidele Protsessimahuteid&hellip;","_links":{"self":[{"href":"https:\/\/eccuatank.com\/swe\/wp-json\/wp\/v2\/pages\/2131","targetHints":{"allow":["GET"]}}],"collection":[{"href":"https:\/\/eccuatank.com\/swe\/wp-json\/wp\/v2\/pages"}],"about":[{"href":"https:\/\/eccuatank.com\/swe\/wp-json\/wp\/v2\/types\/page"}],"author":[{"embeddable":true,"href":"https:\/\/eccuatank.com\/swe\/wp-json\/wp\/v2\/users\/3"}],"replies":[{"embeddable":true,"href":"https:\/\/eccuatank.com\/swe\/wp-json\/wp\/v2\/comments?post=2131"}],"version-history":[{"count":9,"href":"https:\/\/eccuatank.com\/swe\/wp-json\/wp\/v2\/pages\/2131\/revisions"}],"predecessor-version":[{"id":3375,"href":"https:\/\/eccuatank.com\/swe\/wp-json\/wp\/v2\/pages\/2131\/revisions\/3375"}],"wp:attachment":[{"href":"https:\/\/eccuatank.com\/swe\/wp-json\/wp\/v2\/media?parent=2131"}],"curies":[{"name":"wp","href":"https:\/\/api.w.org\/{rel}","templated":true}]}}